
{"id":9824,"date":"2023-03-10T14:00:28","date_gmt":"2023-03-10T21:00:28","guid":{"rendered":"https:\/\/dev.alberta.college\/?post_type=product&#038;p=9824"},"modified":"2025-04-14T11:27:47","modified_gmt":"2025-04-14T17:27:47","slug":"the-royal-alberta-college-and-ibm-introduction-to-cloud-computing","status":"publish","type":"product","link":"http:\/\/52.60.82.137\/fr\/courses\/the-royal-alberta-college-and-ibm-introduction-to-cloud-computing\/","title":{"rendered":"Le Royal Alberta College et IBM \u2013 Introduction au cloud computing"},"content":{"rendered":"<p><span style=\"font-weight: 400;\">La technologie cloud stocke les donn\u00e9es et les programmes via Internet plut\u00f4t que sur les disques durs des ordinateurs. Gr\u00e2ce aux activit\u00e9s d&#039;apprentissage de ce parcours, vous acquerrez une compr\u00e9hension du cloud computing et d\u00e9velopperez un int\u00e9r\u00eat pour divers cheminements de carri\u00e8re.<\/span><\/p>","protected":false},"excerpt":{"rendered":"<p>La technologie cloud stocke les donn\u00e9es et les programmes via Internet plut\u00f4t que sur les disques durs des ordinateurs. Gr\u00e2ce aux activit\u00e9s d&#039;apprentissage de ce parcours, vous acquerrez une compr\u00e9hension du cloud computing et d\u00e9velopperez un [\u2026]<\/p>","protected":false},"featured_media":17794,"template":"","meta":[],"product_cat":[75],"product_tag":[87],"yoast_head":"<!-- This site is optimized with the Yoast SEO plugin v23.5 - https:\/\/yoast.com\/wordpress\/plugins\/seo\/ -->\n<title>The Royal Alberta College and IBM - Introduction to Cloud Computing - The Royal Alberta College<\/title>\n<meta name=\"robots\" content=\"index, follow, max-snippet:-1, max-image-preview:large, max-video-preview:-1\" \/>\n<link rel=\"canonical\" href=\"https:\/\/alberta.college\/fr\/courses\/the-royal-alberta-college-and-ibm-introduction-to-cloud-computing\/\" \/>\n<meta property=\"og:locale\" content=\"fr_CA\" \/>\n<meta property=\"og:type\" content=\"article\" \/>\n<meta property=\"og:title\" content=\"The Royal Alberta College and IBM - Introduction to Cloud Computing - The Royal Alberta College\" \/>\n<meta property=\"og:description\" content=\"Cloud technology stores data and programs through the internet rather than on computer hard drives. Through this pathway&#8217;s learning activities, you&#8217;ll gain an understanding of cloud computing and develop an [&hellip;]\" \/>\n<meta property=\"og:url\" content=\"https:\/\/alberta.college\/fr\/courses\/the-royal-alberta-college-and-ibm-introduction-to-cloud-computing\/\" \/>\n<meta property=\"og:site_name\" content=\"The Royal Alberta College\" \/>\n<meta property=\"article:publisher\" content=\"https:\/\/www.facebook.com\/RoyalAlbertaCollege\" \/>\n<meta property=\"article:modified_time\" content=\"2025-04-14T17:27:47+00:00\" \/>\n<meta property=\"og:image\" content=\"https:\/\/alberta.college\/wp-content\/uploads\/2022\/09\/Intro-to-Cloud-Computing-1.png\" \/>\n\t<meta property=\"og:image:width\" content=\"2432\" \/>\n\t<meta property=\"og:image:height\" content=\"1460\" \/>\n\t<meta property=\"og:image:type\" content=\"image\/png\" \/>\n<meta name=\"twitter:card\" content=\"summary_large_image\" \/>\n<meta name=\"twitter:site\" content=\"@alberta_college\" \/>\n<meta name=\"twitter:label1\" content=\"Estimation du temps de lecture\" \/>\n\t<meta name=\"twitter:data1\" content=\"1 minute\" \/>\n<script type=\"application\/ld+json\" class=\"yoast-schema-graph\">{\"@context\":\"https:\/\/schema.org\",\"@graph\":[{\"@type\":\"WebPage\",\"@id\":\"https:\/\/alberta.college\/fr\/courses\/the-royal-alberta-college-and-ibm-introduction-to-cloud-computing\/\",\"url\":\"https:\/\/alberta.college\/fr\/courses\/the-royal-alberta-college-and-ibm-introduction-to-cloud-computing\/\",\"name\":\"The Royal Alberta College and IBM - Introduction to Cloud Computing - The Royal Alberta College\",\"isPartOf\":{\"@id\":\"https:\/\/alberta.college\/#website\"},\"primaryImageOfPage\":{\"@id\":\"https:\/\/alberta.college\/fr\/courses\/the-royal-alberta-college-and-ibm-introduction-to-cloud-computing\/#primaryimage\"},\"image\":{\"@id\":\"https:\/\/alberta.college\/fr\/courses\/the-royal-alberta-college-and-ibm-introduction-to-cloud-computing\/#primaryimage\"},\"thumbnailUrl\":\"https:\/\/52.60.82.137\/wp-content\/uploads\/2022\/09\/Intro-to-Cloud-Computing-1.png\",\"datePublished\":\"2023-03-10T21:00:28+00:00\",\"dateModified\":\"2025-04-14T17:27:47+00:00\",\"breadcrumb\":{\"@id\":\"https:\/\/alberta.college\/fr\/courses\/the-royal-alberta-college-and-ibm-introduction-to-cloud-computing\/#breadcrumb\"},\"inLanguage\":\"fr-CA\",\"potentialAction\":[{\"@type\":\"ReadAction\",\"target\":[\"https:\/\/alberta.college\/fr\/courses\/the-royal-alberta-college-and-ibm-introduction-to-cloud-computing\/\"]}]},{\"@type\":\"ImageObject\",\"inLanguage\":\"fr-CA\",\"@id\":\"https:\/\/alberta.college\/fr\/courses\/the-royal-alberta-college-and-ibm-introduction-to-cloud-computing\/#primaryimage\",\"url\":\"https:\/\/52.60.82.137\/wp-content\/uploads\/2022\/09\/Intro-to-Cloud-Computing-1.png\",\"contentUrl\":\"https:\/\/52.60.82.137\/wp-content\/uploads\/2022\/09\/Intro-to-Cloud-Computing-1.png\",\"width\":2432,\"height\":1460},{\"@type\":\"BreadcrumbList\",\"@id\":\"https:\/\/alberta.college\/fr\/courses\/the-royal-alberta-college-and-ibm-introduction-to-cloud-computing\/#breadcrumb\",\"itemListElement\":[{\"@type\":\"ListItem\",\"position\":1,\"name\":\"Home\",\"item\":\"https:\/\/alberta.college\/\"},{\"@type\":\"ListItem\",\"position\":2,\"name\":\"Shop\",\"item\":\"https:\/\/www.alberta.college\/fr\/shop\/\"},{\"@type\":\"ListItem\",\"position\":3,\"name\":\"The Royal Alberta College and IBM &#8211; Introduction to Cloud Computing\"}]},{\"@type\":\"WebSite\",\"@id\":\"https:\/\/alberta.college\/#website\",\"url\":\"https:\/\/alberta.college\/\",\"name\":\"The Royal Alberta College\",\"description\":\"High-Quality Affordable, Accessible Education for everyone\",\"publisher\":{\"@id\":\"https:\/\/alberta.college\/#organization\"},\"potentialAction\":[{\"@type\":\"SearchAction\",\"target\":{\"@type\":\"EntryPoint\",\"urlTemplate\":\"https:\/\/alberta.college\/?s={search_term_string}\"},\"query-input\":{\"@type\":\"PropertyValueSpecification\",\"valueRequired\":true,\"valueName\":\"search_term_string\"}}],\"inLanguage\":\"fr-CA\"},{\"@type\":\"Organization\",\"@id\":\"https:\/\/alberta.college\/#organization\",\"name\":\"The Royal Alberta College\",\"url\":\"https:\/\/alberta.college\/\",\"logo\":{\"@type\":\"ImageObject\",\"inLanguage\":\"fr-CA\",\"@id\":\"https:\/\/alberta.college\/#\/schema\/logo\/image\/\",\"url\":\"https:\/\/alberta.college\/wp-content\/uploads\/2021\/05\/rac-logo.png\",\"contentUrl\":\"https:\/\/alberta.college\/wp-content\/uploads\/2021\/05\/rac-logo.png\",\"width\":400,\"height\":242,\"caption\":\"The Royal Alberta College\"},\"image\":{\"@id\":\"https:\/\/alberta.college\/#\/schema\/logo\/image\/\"},\"sameAs\":[\"https:\/\/www.facebook.com\/RoyalAlbertaCollege\",\"https:\/\/x.com\/alberta_college\"]}]}<\/script>\n<!-- \/ Yoast SEO plugin. -->","yoast_head_json":{"title":"The Royal Alberta College and IBM - Introduction to Cloud Computing - The Royal Alberta College","robots":{"index":"index","follow":"follow","max-snippet":"max-snippet:-1","max-image-preview":"max-image-preview:large","max-video-preview":"max-video-preview:-1"},"canonical":"https:\/\/alberta.college\/fr\/courses\/the-royal-alberta-college-and-ibm-introduction-to-cloud-computing\/","og_locale":"fr_CA","og_type":"article","og_title":"The Royal Alberta College and IBM - Introduction to Cloud Computing - The Royal Alberta College","og_description":"Cloud technology stores data and programs through the internet rather than on computer hard drives. Through this pathway&#8217;s learning activities, you&#8217;ll gain an understanding of cloud computing and develop an [&hellip;]","og_url":"https:\/\/alberta.college\/fr\/courses\/the-royal-alberta-college-and-ibm-introduction-to-cloud-computing\/","og_site_name":"The Royal Alberta College","article_publisher":"https:\/\/www.facebook.com\/RoyalAlbertaCollege","article_modified_time":"2025-04-14T17:27:47+00:00","og_image":[{"width":2432,"height":1460,"url":"https:\/\/alberta.college\/wp-content\/uploads\/2022\/09\/Intro-to-Cloud-Computing-1.png","type":"image\/png"}],"twitter_card":"summary_large_image","twitter_site":"@alberta_college","twitter_misc":{"Estimation du temps de lecture":"1 minute"},"schema":{"@context":"https:\/\/schema.org","@graph":[{"@type":"WebPage","@id":"https:\/\/alberta.college\/fr\/courses\/the-royal-alberta-college-and-ibm-introduction-to-cloud-computing\/","url":"https:\/\/alberta.college\/fr\/courses\/the-royal-alberta-college-and-ibm-introduction-to-cloud-computing\/","name":"The Royal Alberta College and IBM - Introduction to Cloud Computing - The Royal Alberta College","isPartOf":{"@id":"https:\/\/alberta.college\/#website"},"primaryImageOfPage":{"@id":"https:\/\/alberta.college\/fr\/courses\/the-royal-alberta-college-and-ibm-introduction-to-cloud-computing\/#primaryimage"},"image":{"@id":"https:\/\/alberta.college\/fr\/courses\/the-royal-alberta-college-and-ibm-introduction-to-cloud-computing\/#primaryimage"},"thumbnailUrl":"https:\/\/52.60.82.137\/wp-content\/uploads\/2022\/09\/Intro-to-Cloud-Computing-1.png","datePublished":"2023-03-10T21:00:28+00:00","dateModified":"2025-04-14T17:27:47+00:00","breadcrumb":{"@id":"https:\/\/alberta.college\/fr\/courses\/the-royal-alberta-college-and-ibm-introduction-to-cloud-computing\/#breadcrumb"},"inLanguage":"fr-CA","potentialAction":[{"@type":"ReadAction","target":["https:\/\/alberta.college\/fr\/courses\/the-royal-alberta-college-and-ibm-introduction-to-cloud-computing\/"]}]},{"@type":"ImageObject","inLanguage":"fr-CA","@id":"https:\/\/alberta.college\/fr\/courses\/the-royal-alberta-college-and-ibm-introduction-to-cloud-computing\/#primaryimage","url":"https:\/\/52.60.82.137\/wp-content\/uploads\/2022\/09\/Intro-to-Cloud-Computing-1.png","contentUrl":"https:\/\/52.60.82.137\/wp-content\/uploads\/2022\/09\/Intro-to-Cloud-Computing-1.png","width":2432,"height":1460},{"@type":"BreadcrumbList","@id":"https:\/\/alberta.college\/fr\/courses\/the-royal-alberta-college-and-ibm-introduction-to-cloud-computing\/#breadcrumb","itemListElement":[{"@type":"ListItem","position":1,"name":"Home","item":"https:\/\/alberta.college\/"},{"@type":"ListItem","position":2,"name":"Shop","item":"https:\/\/www.alberta.college\/fr\/shop\/"},{"@type":"ListItem","position":3,"name":"The Royal Alberta College and IBM &#8211; Introduction to Cloud Computing"}]},{"@type":"WebSite","@id":"https:\/\/alberta.college\/#website","url":"https:\/\/alberta.college\/","name":"The Royal Alberta College","description":"High-Quality Affordable, Accessible Education for everyone","publisher":{"@id":"https:\/\/alberta.college\/#organization"},"potentialAction":[{"@type":"SearchAction","target":{"@type":"EntryPoint","urlTemplate":"https:\/\/alberta.college\/?s={search_term_string}"},"query-input":{"@type":"PropertyValueSpecification","valueRequired":true,"valueName":"search_term_string"}}],"inLanguage":"fr-CA"},{"@type":"Organization","@id":"https:\/\/alberta.college\/#organization","name":"The Royal Alberta College","url":"https:\/\/alberta.college\/","logo":{"@type":"ImageObject","inLanguage":"fr-CA","@id":"https:\/\/alberta.college\/#\/schema\/logo\/image\/","url":"https:\/\/alberta.college\/wp-content\/uploads\/2021\/05\/rac-logo.png","contentUrl":"https:\/\/alberta.college\/wp-content\/uploads\/2021\/05\/rac-logo.png","width":400,"height":242,"caption":"The Royal Alberta College"},"image":{"@id":"https:\/\/alberta.college\/#\/schema\/logo\/image\/"},"sameAs":["https:\/\/www.facebook.com\/RoyalAlbertaCollege","https:\/\/x.com\/alberta_college"]}]}},"jetpack_sharing_enabled":true,"_links":{"self":[{"href":"http:\/\/52.60.82.137\/fr\/wp-json\/wp\/v2\/product\/9824"}],"collection":[{"href":"http:\/\/52.60.82.137\/fr\/wp-json\/wp\/v2\/product"}],"about":[{"href":"http:\/\/52.60.82.137\/fr\/wp-json\/wp\/v2\/types\/product"}],"wp:featuredmedia":[{"embeddable":true,"href":"http:\/\/52.60.82.137\/fr\/wp-json\/wp\/v2\/media\/17794"}],"wp:attachment":[{"href":"http:\/\/52.60.82.137\/fr\/wp-json\/wp\/v2\/media?parent=9824"}],"wp:term":[{"taxonomy":"product_cat","embeddable":true,"href":"http:\/\/52.60.82.137\/fr\/wp-json\/wp\/v2\/product_cat?post=9824"},{"taxonomy":"product_tag","embeddable":true,"href":"http:\/\/52.60.82.137\/fr\/wp-json\/wp\/v2\/product_tag?post=9824"}],"curies":[{"name":"wp","href":"https:\/\/api.w.org\/{rel}","templated":true}]}}