
{"id":9678,"date":"2022-09-18T23:35:44","date_gmt":"2022-09-19T05:35:44","guid":{"rendered":"https:\/\/dev.alberta.college\/?post_type=product&#038;p=9678"},"modified":"2025-04-14T11:31:28","modified_gmt":"2025-04-14T17:31:28","slug":"the-royal-alberta-college-and-ibm-entrepreneurship-from-scratch","status":"publish","type":"product","link":"http:\/\/52.60.82.137\/fr\/courses\/the-royal-alberta-college-and-ibm-entrepreneurship-from-scratch\/","title":{"rendered":"Le Royal Alberta College et IBM \u2013 Introduction \u00e0 l\u2019entrepreneuriat"},"content":{"rendered":"<p><span style=\"font-weight: 400;\">De nos jours, de nombreuses personnes ne savent pas par o\u00f9 commencer pour devenir entrepreneurs. Ce cours vous aidera \u00e0 d\u00e9marrer\u00a0! Les apprenants apprendront comment devenir entrepreneurs \u00e0 partir de z\u00e9ro dans ce cours. En ma\u00eetrisant ces comp\u00e9tences, vous serez pr\u00eat \u00e0 entrer dans le monde de l\u2019entrepreneuriat.\u00a0<\/span><\/p>\n<p><span style=\"font-weight: 400;\">Les \u00e9l\u00e9ments suivants seront enseign\u00e9s\u00a0:<\/span><\/p>\n<ul>\n<li><span style=\"font-weight: 400;\">D\u00e9velopper un esprit entrepreneurial<\/span><\/li>\n<li><span style=\"font-weight: 400;\">Cr\u00e9er et tester votre propre entreprise\u00a0<\/span><\/li>\n<li><span style=\"font-weight: 400;\">Les bases n\u00e9cessaires pour construire un business model<\/span><\/li>\n<li><span style=\"font-weight: 400;\">Pitcher et lancer une entreprise<\/span><\/li>\n<\/ul>","protected":false},"excerpt":{"rendered":"<p>37 heures<\/p>","protected":false},"featured_media":17799,"template":"","meta":[],"product_cat":[75],"product_tag":[86],"yoast_head":"<!-- This site is optimized with the Yoast SEO plugin v23.5 - https:\/\/yoast.com\/wordpress\/plugins\/seo\/ -->\n<title>The Royal Alberta College and IBM - Introduction to Entrepreneurship - The Royal Alberta College<\/title>\n<meta name=\"robots\" content=\"index, follow, max-snippet:-1, max-image-preview:large, max-video-preview:-1\" \/>\n<link rel=\"canonical\" href=\"https:\/\/www.alberta.college\/fr\/courses\/the-royal-alberta-college-and-ibm-entrepreneurship-from-scratch\/\" \/>\n<meta property=\"og:locale\" content=\"fr_CA\" \/>\n<meta property=\"og:type\" content=\"article\" \/>\n<meta property=\"og:title\" content=\"The Royal Alberta College and IBM - Introduction to Entrepreneurship - The Royal Alberta College\" \/>\n<meta property=\"og:description\" content=\"37 hours\" \/>\n<meta property=\"og:url\" content=\"https:\/\/www.alberta.college\/fr\/courses\/the-royal-alberta-college-and-ibm-entrepreneurship-from-scratch\/\" \/>\n<meta property=\"og:site_name\" content=\"The Royal Alberta College\" \/>\n<meta property=\"article:publisher\" content=\"https:\/\/www.facebook.com\/RoyalAlbertaCollege\" \/>\n<meta property=\"article:modified_time\" content=\"2025-04-14T17:31:28+00:00\" \/>\n<meta property=\"og:image\" content=\"https:\/\/www.alberta.college\/wp-content\/uploads\/2022\/09\/Intro-to-Entrepreneurship-1-1024x615.png\" \/>\n\t<meta property=\"og:image:width\" content=\"1024\" \/>\n\t<meta property=\"og:image:height\" content=\"615\" \/>\n\t<meta property=\"og:image:type\" content=\"image\/png\" \/>\n<meta name=\"twitter:card\" content=\"summary_large_image\" \/>\n<meta name=\"twitter:site\" content=\"@alberta_college\" \/>\n<meta name=\"twitter:label1\" content=\"Estimation du temps de lecture\" \/>\n\t<meta name=\"twitter:data1\" content=\"1 minute\" \/>\n<script type=\"application\/ld+json\" class=\"yoast-schema-graph\">{\"@context\":\"https:\/\/schema.org\",\"@graph\":[{\"@type\":\"WebPage\",\"@id\":\"https:\/\/www.alberta.college\/fr\/courses\/the-royal-alberta-college-and-ibm-entrepreneurship-from-scratch\/\",\"url\":\"https:\/\/www.alberta.college\/fr\/courses\/the-royal-alberta-college-and-ibm-entrepreneurship-from-scratch\/\",\"name\":\"The Royal Alberta College and IBM - Introduction to Entrepreneurship - The Royal Alberta College\",\"isPartOf\":{\"@id\":\"https:\/\/alberta.college\/#website\"},\"primaryImageOfPage\":{\"@id\":\"https:\/\/www.alberta.college\/fr\/courses\/the-royal-alberta-college-and-ibm-entrepreneurship-from-scratch\/#primaryimage\"},\"image\":{\"@id\":\"https:\/\/www.alberta.college\/fr\/courses\/the-royal-alberta-college-and-ibm-entrepreneurship-from-scratch\/#primaryimage\"},\"thumbnailUrl\":\"https:\/\/52.60.82.137\/wp-content\/uploads\/2022\/09\/Intro-to-Entrepreneurship-1.png\",\"datePublished\":\"2022-09-19T05:35:44+00:00\",\"dateModified\":\"2025-04-14T17:31:28+00:00\",\"breadcrumb\":{\"@id\":\"https:\/\/www.alberta.college\/fr\/courses\/the-royal-alberta-college-and-ibm-entrepreneurship-from-scratch\/#breadcrumb\"},\"inLanguage\":\"fr-CA\",\"potentialAction\":[{\"@type\":\"ReadAction\",\"target\":[\"https:\/\/www.alberta.college\/fr\/courses\/the-royal-alberta-college-and-ibm-entrepreneurship-from-scratch\/\"]}]},{\"@type\":\"ImageObject\",\"inLanguage\":\"fr-CA\",\"@id\":\"https:\/\/www.alberta.college\/fr\/courses\/the-royal-alberta-college-and-ibm-entrepreneurship-from-scratch\/#primaryimage\",\"url\":\"https:\/\/52.60.82.137\/wp-content\/uploads\/2022\/09\/Intro-to-Entrepreneurship-1.png\",\"contentUrl\":\"https:\/\/52.60.82.137\/wp-content\/uploads\/2022\/09\/Intro-to-Entrepreneurship-1.png\",\"width\":2432,\"height\":1460},{\"@type\":\"BreadcrumbList\",\"@id\":\"https:\/\/www.alberta.college\/fr\/courses\/the-royal-alberta-college-and-ibm-entrepreneurship-from-scratch\/#breadcrumb\",\"itemListElement\":[{\"@type\":\"ListItem\",\"position\":1,\"name\":\"Home\",\"item\":\"https:\/\/alberta.college\/\"},{\"@type\":\"ListItem\",\"position\":2,\"name\":\"Shop\",\"item\":\"https:\/\/www.alberta.college\/fr\/shop\/\"},{\"@type\":\"ListItem\",\"position\":3,\"name\":\"The Royal Alberta College and IBM &#8211; Introduction to Entrepreneurship\"}]},{\"@type\":\"WebSite\",\"@id\":\"https:\/\/alberta.college\/#website\",\"url\":\"https:\/\/alberta.college\/\",\"name\":\"The Royal Alberta College\",\"description\":\"High-Quality Affordable, Accessible Education for everyone\",\"publisher\":{\"@id\":\"https:\/\/alberta.college\/#organization\"},\"potentialAction\":[{\"@type\":\"SearchAction\",\"target\":{\"@type\":\"EntryPoint\",\"urlTemplate\":\"https:\/\/alberta.college\/?s={search_term_string}\"},\"query-input\":{\"@type\":\"PropertyValueSpecification\",\"valueRequired\":true,\"valueName\":\"search_term_string\"}}],\"inLanguage\":\"fr-CA\"},{\"@type\":\"Organization\",\"@id\":\"https:\/\/alberta.college\/#organization\",\"name\":\"The Royal Alberta College\",\"url\":\"https:\/\/alberta.college\/\",\"logo\":{\"@type\":\"ImageObject\",\"inLanguage\":\"fr-CA\",\"@id\":\"https:\/\/alberta.college\/#\/schema\/logo\/image\/\",\"url\":\"https:\/\/alberta.college\/wp-content\/uploads\/2021\/05\/rac-logo.png\",\"contentUrl\":\"https:\/\/alberta.college\/wp-content\/uploads\/2021\/05\/rac-logo.png\",\"width\":400,\"height\":242,\"caption\":\"The Royal Alberta College\"},\"image\":{\"@id\":\"https:\/\/alberta.college\/#\/schema\/logo\/image\/\"},\"sameAs\":[\"https:\/\/www.facebook.com\/RoyalAlbertaCollege\",\"https:\/\/x.com\/alberta_college\"]}]}<\/script>\n<!-- \/ Yoast SEO plugin. -->","yoast_head_json":{"title":"The Royal Alberta College and IBM - Introduction to Entrepreneurship - The Royal Alberta College","robots":{"index":"index","follow":"follow","max-snippet":"max-snippet:-1","max-image-preview":"max-image-preview:large","max-video-preview":"max-video-preview:-1"},"canonical":"https:\/\/www.alberta.college\/fr\/courses\/the-royal-alberta-college-and-ibm-entrepreneurship-from-scratch\/","og_locale":"fr_CA","og_type":"article","og_title":"The Royal Alberta College and IBM - Introduction to Entrepreneurship - The Royal Alberta College","og_description":"37 hours","og_url":"https:\/\/www.alberta.college\/fr\/courses\/the-royal-alberta-college-and-ibm-entrepreneurship-from-scratch\/","og_site_name":"The Royal Alberta College","article_publisher":"https:\/\/www.facebook.com\/RoyalAlbertaCollege","article_modified_time":"2025-04-14T17:31:28+00:00","og_image":[{"width":1024,"height":615,"url":"https:\/\/www.alberta.college\/wp-content\/uploads\/2022\/09\/Intro-to-Entrepreneurship-1-1024x615.png","type":"image\/png"}],"twitter_card":"summary_large_image","twitter_site":"@alberta_college","twitter_misc":{"Estimation du temps de lecture":"1 minute"},"schema":{"@context":"https:\/\/schema.org","@graph":[{"@type":"WebPage","@id":"https:\/\/www.alberta.college\/fr\/courses\/the-royal-alberta-college-and-ibm-entrepreneurship-from-scratch\/","url":"https:\/\/www.alberta.college\/fr\/courses\/the-royal-alberta-college-and-ibm-entrepreneurship-from-scratch\/","name":"The Royal Alberta College and IBM - Introduction to Entrepreneurship - The Royal Alberta College","isPartOf":{"@id":"https:\/\/alberta.college\/#website"},"primaryImageOfPage":{"@id":"https:\/\/www.alberta.college\/fr\/courses\/the-royal-alberta-college-and-ibm-entrepreneurship-from-scratch\/#primaryimage"},"image":{"@id":"https:\/\/www.alberta.college\/fr\/courses\/the-royal-alberta-college-and-ibm-entrepreneurship-from-scratch\/#primaryimage"},"thumbnailUrl":"https:\/\/52.60.82.137\/wp-content\/uploads\/2022\/09\/Intro-to-Entrepreneurship-1.png","datePublished":"2022-09-19T05:35:44+00:00","dateModified":"2025-04-14T17:31:28+00:00","breadcrumb":{"@id":"https:\/\/www.alberta.college\/fr\/courses\/the-royal-alberta-college-and-ibm-entrepreneurship-from-scratch\/#breadcrumb"},"inLanguage":"fr-CA","potentialAction":[{"@type":"ReadAction","target":["https:\/\/www.alberta.college\/fr\/courses\/the-royal-alberta-college-and-ibm-entrepreneurship-from-scratch\/"]}]},{"@type":"ImageObject","inLanguage":"fr-CA","@id":"https:\/\/www.alberta.college\/fr\/courses\/the-royal-alberta-college-and-ibm-entrepreneurship-from-scratch\/#primaryimage","url":"https:\/\/52.60.82.137\/wp-content\/uploads\/2022\/09\/Intro-to-Entrepreneurship-1.png","contentUrl":"https:\/\/52.60.82.137\/wp-content\/uploads\/2022\/09\/Intro-to-Entrepreneurship-1.png","width":2432,"height":1460},{"@type":"BreadcrumbList","@id":"https:\/\/www.alberta.college\/fr\/courses\/the-royal-alberta-college-and-ibm-entrepreneurship-from-scratch\/#breadcrumb","itemListElement":[{"@type":"ListItem","position":1,"name":"Home","item":"https:\/\/alberta.college\/"},{"@type":"ListItem","position":2,"name":"Shop","item":"https:\/\/www.alberta.college\/fr\/shop\/"},{"@type":"ListItem","position":3,"name":"The Royal Alberta College and IBM &#8211; Introduction to Entrepreneurship"}]},{"@type":"WebSite","@id":"https:\/\/alberta.college\/#website","url":"https:\/\/alberta.college\/","name":"The Royal Alberta College","description":"High-Quality Affordable, Accessible Education for everyone","publisher":{"@id":"https:\/\/alberta.college\/#organization"},"potentialAction":[{"@type":"SearchAction","target":{"@type":"EntryPoint","urlTemplate":"https:\/\/alberta.college\/?s={search_term_string}"},"query-input":{"@type":"PropertyValueSpecification","valueRequired":true,"valueName":"search_term_string"}}],"inLanguage":"fr-CA"},{"@type":"Organization","@id":"https:\/\/alberta.college\/#organization","name":"The Royal Alberta College","url":"https:\/\/alberta.college\/","logo":{"@type":"ImageObject","inLanguage":"fr-CA","@id":"https:\/\/alberta.college\/#\/schema\/logo\/image\/","url":"https:\/\/alberta.college\/wp-content\/uploads\/2021\/05\/rac-logo.png","contentUrl":"https:\/\/alberta.college\/wp-content\/uploads\/2021\/05\/rac-logo.png","width":400,"height":242,"caption":"The Royal Alberta College"},"image":{"@id":"https:\/\/alberta.college\/#\/schema\/logo\/image\/"},"sameAs":["https:\/\/www.facebook.com\/RoyalAlbertaCollege","https:\/\/x.com\/alberta_college"]}]}},"jetpack_sharing_enabled":true,"_links":{"self":[{"href":"http:\/\/52.60.82.137\/fr\/wp-json\/wp\/v2\/product\/9678"}],"collection":[{"href":"http:\/\/52.60.82.137\/fr\/wp-json\/wp\/v2\/product"}],"about":[{"href":"http:\/\/52.60.82.137\/fr\/wp-json\/wp\/v2\/types\/product"}],"wp:featuredmedia":[{"embeddable":true,"href":"http:\/\/52.60.82.137\/fr\/wp-json\/wp\/v2\/media\/17799"}],"wp:attachment":[{"href":"http:\/\/52.60.82.137\/fr\/wp-json\/wp\/v2\/media?parent=9678"}],"wp:term":[{"taxonomy":"product_cat","embeddable":true,"href":"http:\/\/52.60.82.137\/fr\/wp-json\/wp\/v2\/product_cat?post=9678"},{"taxonomy":"product_tag","embeddable":true,"href":"http:\/\/52.60.82.137\/fr\/wp-json\/wp\/v2\/product_tag?post=9678"}],"curies":[{"name":"wp","href":"https:\/\/api.w.org\/{rel}","templated":true}]}}