
{"id":15821,"date":"2023-01-26T15:15:24","date_gmt":"2023-01-26T22:15:24","guid":{"rendered":"http:\/\/15.222.4.10\/?post_type=product&#038;p=15821"},"modified":"2025-04-14T11:28:55","modified_gmt":"2025-04-14T17:28:55","slug":"rac-google-it-automation-with-python","status":"publish","type":"product","link":"http:\/\/52.60.82.137\/fr\/courses\/rac-google-it-automation-with-python\/","title":{"rendered":"RAC \u2013 Automatisation informatique de Google avec Python"},"content":{"rendered":"<h2 class=\"m-r-1 m-b-0 bold headline-4-text\">A propos de ce Certificat Professionnel<\/h2>\n<div class=\"m-t-1 m-b-3 description\" data-e2e=\"description\">\n<div class=\"description\">\n<div class=\"rc-CML override-cml-headers\" dir=\"auto\">\n<div class=\"css-b1j1et\" data-testid=\"cml-viewer\">\n<p>Ce certificat de six cours de niveau d\u00e9butant, d\u00e9velopp\u00e9 par Google, est con\u00e7u pour fournir aux professionnels de l&#039;informatique des comp\u00e9tences recherch\u00e9es, notamment Python, Git et l&#039;automatisation informatique, qui peuvent vous aider \u00e0 faire progresser votre carri\u00e8re.<\/p>\n<p>Savoir \u00e9crire du code pour r\u00e9soudre des probl\u00e8mes et automatiser des solutions est une comp\u00e9tence cruciale pour toute personne travaillant en informatique. Python, en particulier, est d\u00e9sormais le <a href=\"https:\/\/insights.dice.com\/2019\/10\/08\/python-java-top-languages-employers\/\" target=\"_blank\" rel=\"noopener nofollow noreferrer\">langage de programmation le plus demand\u00e9 par les employeurs<\/a>.<\/p>\n<p>Ce programme s&#039;appuie sur vos bases informatiques pour vous aider \u00e0 faire passer votre carri\u00e8re au niveau sup\u00e9rieur. Il est con\u00e7u pour vous apprendre \u00e0 programmer avec Python et \u00e0 utiliser Python pour automatiser les t\u00e2ches courantes d&#039;administration syst\u00e8me. Vous apprendrez \u00e9galement \u00e0 utiliser Git et GitHub, \u00e0 d\u00e9panner et \u00e0 d\u00e9boguer des probl\u00e8mes complexes et \u00e0 appliquer l&#039;automatisation \u00e0 grande \u00e9chelle en utilisant la gestion de la configuration et le Cloud.<\/p>\n<p>Ce certificat peut \u00eatre compl\u00e9t\u00e9 en 6 mois environ et est con\u00e7u pour vous pr\u00e9parer \u00e0 une vari\u00e9t\u00e9 de r\u00f4les dans l&#039;informatique, comme des postes plus avanc\u00e9s de sp\u00e9cialiste du support informatique ou d&#039;administrateur syst\u00e8me junior. Une fois termin\u00e9, vous pouvez partager vos informations avec des employeurs potentiels, comme Walmart, Sprint, Hulu, Bank of America, Google (bien s\u00fbr\u00a0!) et plus encore.<\/p>\n<p>Nous vous recommandons d&#039;installer Python sur votre machine. Pour certains cours, vous aurez besoin d&#039;un ordinateur sur lequel vous pourrez installer Git ou demander \u00e0 votre administrateur de l&#039;installer pour vous.<\/p>\n<p>&nbsp;<\/p>\n<\/div>\n<\/div>\n<\/div>\n<\/div>","protected":false},"excerpt":{"rendered":"<p>\u00c0 propos de ce certificat professionnel Ce certificat de six cours de niveau d\u00e9butant, d\u00e9velopp\u00e9 par Google, est con\u00e7u pour fournir aux professionnels de l&#039;informatique des comp\u00e9tences recherch\u00e9es, notamment Python, Git et l&#039;automatisation informatique, qui peuvent [\u2026]<\/p>","protected":false},"featured_media":15822,"template":"","meta":[],"product_cat":[97],"product_tag":[87],"yoast_head":"<!-- This site is optimized with the Yoast SEO plugin v23.5 - https:\/\/yoast.com\/wordpress\/plugins\/seo\/ -->\n<title>RAC - Google IT Automation with Python - The Royal Alberta College<\/title>\n<meta name=\"robots\" content=\"index, follow, max-snippet:-1, max-image-preview:large, max-video-preview:-1\" \/>\n<link rel=\"canonical\" href=\"https:\/\/www.alberta.college\/fr\/courses\/rac-google-it-automation-with-python\/\" \/>\n<meta property=\"og:locale\" content=\"fr_CA\" \/>\n<meta property=\"og:type\" content=\"article\" \/>\n<meta property=\"og:title\" content=\"RAC - Google IT Automation with Python - The Royal Alberta College\" \/>\n<meta property=\"og:description\" content=\"About this Professional Certificate This beginner-level, six-course certificate, developed by Google, is designed to provide IT professionals with in-demand skills &#8212; including Python, Git, and IT automation &#8212; that can [&hellip;]\" \/>\n<meta property=\"og:url\" content=\"https:\/\/www.alberta.college\/fr\/courses\/rac-google-it-automation-with-python\/\" \/>\n<meta property=\"og:site_name\" content=\"The Royal Alberta College\" \/>\n<meta property=\"article:publisher\" content=\"https:\/\/www.facebook.com\/RoyalAlbertaCollege\" \/>\n<meta property=\"article:modified_time\" content=\"2025-04-14T17:28:55+00:00\" \/>\n<meta property=\"og:image\" content=\"https:\/\/www.alberta.college\/wp-content\/uploads\/2023\/01\/IT-Automation-with-Python.png\" \/>\n\t<meta property=\"og:image:width\" content=\"2432\" \/>\n\t<meta property=\"og:image:height\" content=\"1460\" \/>\n\t<meta property=\"og:image:type\" content=\"image\/png\" \/>\n<meta name=\"twitter:card\" content=\"summary_large_image\" \/>\n<meta name=\"twitter:site\" content=\"@alberta_college\" \/>\n<meta name=\"twitter:label1\" content=\"Estimation du temps de lecture\" \/>\n\t<meta name=\"twitter:data1\" content=\"2 minutes\" \/>\n<script type=\"application\/ld+json\" class=\"yoast-schema-graph\">{\"@context\":\"https:\/\/schema.org\",\"@graph\":[{\"@type\":\"WebPage\",\"@id\":\"https:\/\/www.alberta.college\/fr\/courses\/rac-google-it-automation-with-python\/\",\"url\":\"https:\/\/www.alberta.college\/fr\/courses\/rac-google-it-automation-with-python\/\",\"name\":\"RAC - Google IT Automation with Python - The Royal Alberta College\",\"isPartOf\":{\"@id\":\"https:\/\/alberta.college\/#website\"},\"primaryImageOfPage\":{\"@id\":\"https:\/\/www.alberta.college\/fr\/courses\/rac-google-it-automation-with-python\/#primaryimage\"},\"image\":{\"@id\":\"https:\/\/www.alberta.college\/fr\/courses\/rac-google-it-automation-with-python\/#primaryimage\"},\"thumbnailUrl\":\"https:\/\/52.60.82.137\/wp-content\/uploads\/2023\/01\/IT-Automation-with-Python.png\",\"datePublished\":\"2023-01-26T22:15:24+00:00\",\"dateModified\":\"2025-04-14T17:28:55+00:00\",\"breadcrumb\":{\"@id\":\"https:\/\/www.alberta.college\/fr\/courses\/rac-google-it-automation-with-python\/#breadcrumb\"},\"inLanguage\":\"fr-CA\",\"potentialAction\":[{\"@type\":\"ReadAction\",\"target\":[\"https:\/\/www.alberta.college\/fr\/courses\/rac-google-it-automation-with-python\/\"]}]},{\"@type\":\"ImageObject\",\"inLanguage\":\"fr-CA\",\"@id\":\"https:\/\/www.alberta.college\/fr\/courses\/rac-google-it-automation-with-python\/#primaryimage\",\"url\":\"https:\/\/52.60.82.137\/wp-content\/uploads\/2023\/01\/IT-Automation-with-Python.png\",\"contentUrl\":\"https:\/\/52.60.82.137\/wp-content\/uploads\/2023\/01\/IT-Automation-with-Python.png\",\"width\":2432,\"height\":1460},{\"@type\":\"BreadcrumbList\",\"@id\":\"https:\/\/www.alberta.college\/fr\/courses\/rac-google-it-automation-with-python\/#breadcrumb\",\"itemListElement\":[{\"@type\":\"ListItem\",\"position\":1,\"name\":\"Home\",\"item\":\"https:\/\/alberta.college\/\"},{\"@type\":\"ListItem\",\"position\":2,\"name\":\"Shop\",\"item\":\"https:\/\/www.alberta.college\/fr\/shop\/\"},{\"@type\":\"ListItem\",\"position\":3,\"name\":\"RAC &#8211; Google IT Automation with Python\"}]},{\"@type\":\"WebSite\",\"@id\":\"https:\/\/alberta.college\/#website\",\"url\":\"https:\/\/alberta.college\/\",\"name\":\"The Royal Alberta College\",\"description\":\"High-Quality Affordable, Accessible Education for everyone\",\"publisher\":{\"@id\":\"https:\/\/alberta.college\/#organization\"},\"potentialAction\":[{\"@type\":\"SearchAction\",\"target\":{\"@type\":\"EntryPoint\",\"urlTemplate\":\"https:\/\/alberta.college\/?s={search_term_string}\"},\"query-input\":{\"@type\":\"PropertyValueSpecification\",\"valueRequired\":true,\"valueName\":\"search_term_string\"}}],\"inLanguage\":\"fr-CA\"},{\"@type\":\"Organization\",\"@id\":\"https:\/\/alberta.college\/#organization\",\"name\":\"The Royal Alberta College\",\"url\":\"https:\/\/alberta.college\/\",\"logo\":{\"@type\":\"ImageObject\",\"inLanguage\":\"fr-CA\",\"@id\":\"https:\/\/alberta.college\/#\/schema\/logo\/image\/\",\"url\":\"https:\/\/alberta.college\/wp-content\/uploads\/2021\/05\/rac-logo.png\",\"contentUrl\":\"https:\/\/alberta.college\/wp-content\/uploads\/2021\/05\/rac-logo.png\",\"width\":400,\"height\":242,\"caption\":\"The Royal Alberta College\"},\"image\":{\"@id\":\"https:\/\/alberta.college\/#\/schema\/logo\/image\/\"},\"sameAs\":[\"https:\/\/www.facebook.com\/RoyalAlbertaCollege\",\"https:\/\/x.com\/alberta_college\"]}]}<\/script>\n<!-- \/ Yoast SEO plugin. -->","yoast_head_json":{"title":"RAC - Google IT Automation with Python - The Royal Alberta College","robots":{"index":"index","follow":"follow","max-snippet":"max-snippet:-1","max-image-preview":"max-image-preview:large","max-video-preview":"max-video-preview:-1"},"canonical":"https:\/\/www.alberta.college\/fr\/courses\/rac-google-it-automation-with-python\/","og_locale":"fr_CA","og_type":"article","og_title":"RAC - Google IT Automation with Python - The Royal Alberta College","og_description":"About this Professional Certificate This beginner-level, six-course certificate, developed by Google, is designed to provide IT professionals with in-demand skills &#8212; including Python, Git, and IT automation &#8212; that can [&hellip;]","og_url":"https:\/\/www.alberta.college\/fr\/courses\/rac-google-it-automation-with-python\/","og_site_name":"The Royal Alberta College","article_publisher":"https:\/\/www.facebook.com\/RoyalAlbertaCollege","article_modified_time":"2025-04-14T17:28:55+00:00","og_image":[{"width":2432,"height":1460,"url":"https:\/\/www.alberta.college\/wp-content\/uploads\/2023\/01\/IT-Automation-with-Python.png","type":"image\/png"}],"twitter_card":"summary_large_image","twitter_site":"@alberta_college","twitter_misc":{"Estimation du temps de lecture":"2 minutes"},"schema":{"@context":"https:\/\/schema.org","@graph":[{"@type":"WebPage","@id":"https:\/\/www.alberta.college\/fr\/courses\/rac-google-it-automation-with-python\/","url":"https:\/\/www.alberta.college\/fr\/courses\/rac-google-it-automation-with-python\/","name":"RAC - Google IT Automation with Python - The Royal Alberta College","isPartOf":{"@id":"https:\/\/alberta.college\/#website"},"primaryImageOfPage":{"@id":"https:\/\/www.alberta.college\/fr\/courses\/rac-google-it-automation-with-python\/#primaryimage"},"image":{"@id":"https:\/\/www.alberta.college\/fr\/courses\/rac-google-it-automation-with-python\/#primaryimage"},"thumbnailUrl":"https:\/\/52.60.82.137\/wp-content\/uploads\/2023\/01\/IT-Automation-with-Python.png","datePublished":"2023-01-26T22:15:24+00:00","dateModified":"2025-04-14T17:28:55+00:00","breadcrumb":{"@id":"https:\/\/www.alberta.college\/fr\/courses\/rac-google-it-automation-with-python\/#breadcrumb"},"inLanguage":"fr-CA","potentialAction":[{"@type":"ReadAction","target":["https:\/\/www.alberta.college\/fr\/courses\/rac-google-it-automation-with-python\/"]}]},{"@type":"ImageObject","inLanguage":"fr-CA","@id":"https:\/\/www.alberta.college\/fr\/courses\/rac-google-it-automation-with-python\/#primaryimage","url":"https:\/\/52.60.82.137\/wp-content\/uploads\/2023\/01\/IT-Automation-with-Python.png","contentUrl":"https:\/\/52.60.82.137\/wp-content\/uploads\/2023\/01\/IT-Automation-with-Python.png","width":2432,"height":1460},{"@type":"BreadcrumbList","@id":"https:\/\/www.alberta.college\/fr\/courses\/rac-google-it-automation-with-python\/#breadcrumb","itemListElement":[{"@type":"ListItem","position":1,"name":"Home","item":"https:\/\/alberta.college\/"},{"@type":"ListItem","position":2,"name":"Shop","item":"https:\/\/www.alberta.college\/fr\/shop\/"},{"@type":"ListItem","position":3,"name":"RAC &#8211; Google IT Automation with Python"}]},{"@type":"WebSite","@id":"https:\/\/alberta.college\/#website","url":"https:\/\/alberta.college\/","name":"The Royal Alberta College","description":"High-Quality Affordable, Accessible Education for everyone","publisher":{"@id":"https:\/\/alberta.college\/#organization"},"potentialAction":[{"@type":"SearchAction","target":{"@type":"EntryPoint","urlTemplate":"https:\/\/alberta.college\/?s={search_term_string}"},"query-input":{"@type":"PropertyValueSpecification","valueRequired":true,"valueName":"search_term_string"}}],"inLanguage":"fr-CA"},{"@type":"Organization","@id":"https:\/\/alberta.college\/#organization","name":"The Royal Alberta College","url":"https:\/\/alberta.college\/","logo":{"@type":"ImageObject","inLanguage":"fr-CA","@id":"https:\/\/alberta.college\/#\/schema\/logo\/image\/","url":"https:\/\/alberta.college\/wp-content\/uploads\/2021\/05\/rac-logo.png","contentUrl":"https:\/\/alberta.college\/wp-content\/uploads\/2021\/05\/rac-logo.png","width":400,"height":242,"caption":"The Royal Alberta College"},"image":{"@id":"https:\/\/alberta.college\/#\/schema\/logo\/image\/"},"sameAs":["https:\/\/www.facebook.com\/RoyalAlbertaCollege","https:\/\/x.com\/alberta_college"]}]}},"jetpack_sharing_enabled":true,"_links":{"self":[{"href":"http:\/\/52.60.82.137\/fr\/wp-json\/wp\/v2\/product\/15821"}],"collection":[{"href":"http:\/\/52.60.82.137\/fr\/wp-json\/wp\/v2\/product"}],"about":[{"href":"http:\/\/52.60.82.137\/fr\/wp-json\/wp\/v2\/types\/product"}],"wp:featuredmedia":[{"embeddable":true,"href":"http:\/\/52.60.82.137\/fr\/wp-json\/wp\/v2\/media\/15822"}],"wp:attachment":[{"href":"http:\/\/52.60.82.137\/fr\/wp-json\/wp\/v2\/media?parent=15821"}],"wp:term":[{"taxonomy":"product_cat","embeddable":true,"href":"http:\/\/52.60.82.137\/fr\/wp-json\/wp\/v2\/product_cat?post=15821"},{"taxonomy":"product_tag","embeddable":true,"href":"http:\/\/52.60.82.137\/fr\/wp-json\/wp\/v2\/product_tag?post=15821"}],"curies":[{"name":"wp","href":"https:\/\/api.w.org\/{rel}","templated":true}]}}