
{"id":10880,"date":"2022-11-02T16:10:11","date_gmt":"2022-11-02T22:10:11","guid":{"rendered":"http:\/\/15.222.4.10\/?post_type=product&#038;p=10880"},"modified":"2025-04-14T11:29:15","modified_gmt":"2025-04-14T17:29:15","slug":"the-royal-alberta-college-and-ibm-introduction-to-bookkeeping-2","status":"publish","type":"product","link":"http:\/\/52.60.82.137\/fr\/courses\/the-royal-alberta-college-and-ibm-introduction-to-bookkeeping-2\/","title":{"rendered":"Le Royal Alberta College et IBM \u2013 Introduction \u00e0 la tenue de livres"},"content":{"rendered":"<p class=\"Paragraph_paragraph__2Gj1e FullPageDescription_title__3hGxD\">Ce cours fournira une introduction \u00e0 l&#039;apprentissage des principes fondamentaux de la comptabilit\u00e9.<br \/>\nNous vous recommandons de s\u00e9lectionner un processus d\u2019apprentissage adapt\u00e9 \u00e0 vos besoins d\u2019apprentissage personnels.<\/p>\n<p>Dans ce cours, vous apprendrez\u00a0:<\/p>\n<ul>\n<li>Les bases de la comptabilit\u00e9<\/li>\n<li>Ne pas utiliser de \u00ab termes techniques \u00bb ou de \u00ab langage comptable \u00bb<\/li>\n<li>Utiliser le langage courant pour expliquer les concepts<\/li>\n<\/ul>\n<p class=\"Paragraph_paragraph__2Gj1e FullPageDescription_title__3hGxD\">Apr\u00e8s avoir termin\u00e9 ce cours, vous \u00eates encourag\u00e9 \u00e0 continuer et \u00e0 passer au niveau suivant.<\/p>","protected":false},"excerpt":{"rendered":"<p>4 heures<\/p>","protected":false},"featured_media":17792,"template":"","meta":[],"product_cat":[105],"product_tag":[88],"yoast_head":"<!-- This site is optimized with the Yoast SEO plugin v23.5 - https:\/\/yoast.com\/wordpress\/plugins\/seo\/ -->\n<title>The Royal Alberta College and IBM - Introduction to Bookkeeping - The Royal Alberta College<\/title>\n<meta name=\"robots\" content=\"index, follow, max-snippet:-1, max-image-preview:large, max-video-preview:-1\" \/>\n<link rel=\"canonical\" href=\"https:\/\/alberta.college\/courses\/the-royal-alberta-college-and-ibm-introduction-to-bookkeeping-2\/\" \/>\n<meta property=\"og:locale\" content=\"fr_CA\" \/>\n<meta property=\"og:type\" content=\"article\" \/>\n<meta property=\"og:title\" content=\"The Royal Alberta College and IBM - Introduction to Bookkeeping - The Royal Alberta College\" \/>\n<meta property=\"og:description\" content=\"4 hours\" \/>\n<meta property=\"og:url\" content=\"https:\/\/alberta.college\/courses\/the-royal-alberta-college-and-ibm-introduction-to-bookkeeping-2\/\" \/>\n<meta property=\"og:site_name\" content=\"The Royal Alberta College\" \/>\n<meta property=\"article:publisher\" content=\"https:\/\/www.facebook.com\/RoyalAlbertaCollege\" \/>\n<meta property=\"article:modified_time\" content=\"2025-04-14T17:29:15+00:00\" \/>\n<meta property=\"og:image\" content=\"https:\/\/alberta.college\/wp-content\/uploads\/2022\/11\/Intro-to-Bookkeeping-1.png\" \/>\n\t<meta property=\"og:image:width\" content=\"2432\" \/>\n\t<meta property=\"og:image:height\" content=\"1460\" \/>\n\t<meta property=\"og:image:type\" content=\"image\/png\" \/>\n<meta name=\"twitter:card\" content=\"summary_large_image\" \/>\n<meta name=\"twitter:site\" content=\"@alberta_college\" \/>\n<meta name=\"twitter:label1\" content=\"Estimation du temps de lecture\" \/>\n\t<meta name=\"twitter:data1\" content=\"1 minute\" \/>\n<script type=\"application\/ld+json\" class=\"yoast-schema-graph\">{\"@context\":\"https:\/\/schema.org\",\"@graph\":[{\"@type\":\"WebPage\",\"@id\":\"https:\/\/alberta.college\/courses\/the-royal-alberta-college-and-ibm-introduction-to-bookkeeping-2\/\",\"url\":\"https:\/\/alberta.college\/courses\/the-royal-alberta-college-and-ibm-introduction-to-bookkeeping-2\/\",\"name\":\"The Royal Alberta College and IBM - Introduction to Bookkeeping - The Royal Alberta College\",\"isPartOf\":{\"@id\":\"https:\/\/alberta.college\/#website\"},\"primaryImageOfPage\":{\"@id\":\"https:\/\/alberta.college\/courses\/the-royal-alberta-college-and-ibm-introduction-to-bookkeeping-2\/#primaryimage\"},\"image\":{\"@id\":\"https:\/\/alberta.college\/courses\/the-royal-alberta-college-and-ibm-introduction-to-bookkeeping-2\/#primaryimage\"},\"thumbnailUrl\":\"https:\/\/52.60.82.137\/wp-content\/uploads\/2022\/11\/Intro-to-Bookkeeping-1.png\",\"datePublished\":\"2022-11-02T22:10:11+00:00\",\"dateModified\":\"2025-04-14T17:29:15+00:00\",\"breadcrumb\":{\"@id\":\"https:\/\/alberta.college\/courses\/the-royal-alberta-college-and-ibm-introduction-to-bookkeeping-2\/#breadcrumb\"},\"inLanguage\":\"fr-CA\",\"potentialAction\":[{\"@type\":\"ReadAction\",\"target\":[\"https:\/\/alberta.college\/courses\/the-royal-alberta-college-and-ibm-introduction-to-bookkeeping-2\/\"]}]},{\"@type\":\"ImageObject\",\"inLanguage\":\"fr-CA\",\"@id\":\"https:\/\/alberta.college\/courses\/the-royal-alberta-college-and-ibm-introduction-to-bookkeeping-2\/#primaryimage\",\"url\":\"https:\/\/52.60.82.137\/wp-content\/uploads\/2022\/11\/Intro-to-Bookkeeping-1.png\",\"contentUrl\":\"https:\/\/52.60.82.137\/wp-content\/uploads\/2022\/11\/Intro-to-Bookkeeping-1.png\",\"width\":2432,\"height\":1460},{\"@type\":\"BreadcrumbList\",\"@id\":\"https:\/\/alberta.college\/courses\/the-royal-alberta-college-and-ibm-introduction-to-bookkeeping-2\/#breadcrumb\",\"itemListElement\":[{\"@type\":\"ListItem\",\"position\":1,\"name\":\"Home\",\"item\":\"https:\/\/alberta.college\/\"},{\"@type\":\"ListItem\",\"position\":2,\"name\":\"Shop\",\"item\":\"https:\/\/www.alberta.college\/fr\/shop\/\"},{\"@type\":\"ListItem\",\"position\":3,\"name\":\"The Royal Alberta College and IBM &#8211; Introduction to Bookkeeping\"}]},{\"@type\":\"WebSite\",\"@id\":\"https:\/\/alberta.college\/#website\",\"url\":\"https:\/\/alberta.college\/\",\"name\":\"The Royal Alberta College\",\"description\":\"High-Quality Affordable, Accessible Education for everyone\",\"publisher\":{\"@id\":\"https:\/\/alberta.college\/#organization\"},\"potentialAction\":[{\"@type\":\"SearchAction\",\"target\":{\"@type\":\"EntryPoint\",\"urlTemplate\":\"https:\/\/alberta.college\/?s={search_term_string}\"},\"query-input\":{\"@type\":\"PropertyValueSpecification\",\"valueRequired\":true,\"valueName\":\"search_term_string\"}}],\"inLanguage\":\"fr-CA\"},{\"@type\":\"Organization\",\"@id\":\"https:\/\/alberta.college\/#organization\",\"name\":\"The Royal Alberta College\",\"url\":\"https:\/\/alberta.college\/\",\"logo\":{\"@type\":\"ImageObject\",\"inLanguage\":\"fr-CA\",\"@id\":\"https:\/\/alberta.college\/#\/schema\/logo\/image\/\",\"url\":\"https:\/\/alberta.college\/wp-content\/uploads\/2021\/05\/rac-logo.png\",\"contentUrl\":\"https:\/\/alberta.college\/wp-content\/uploads\/2021\/05\/rac-logo.png\",\"width\":400,\"height\":242,\"caption\":\"The Royal Alberta College\"},\"image\":{\"@id\":\"https:\/\/alberta.college\/#\/schema\/logo\/image\/\"},\"sameAs\":[\"https:\/\/www.facebook.com\/RoyalAlbertaCollege\",\"https:\/\/x.com\/alberta_college\"]}]}<\/script>\n<!-- \/ Yoast SEO plugin. -->","yoast_head_json":{"title":"The Royal Alberta College and IBM - Introduction to Bookkeeping - The Royal Alberta College","robots":{"index":"index","follow":"follow","max-snippet":"max-snippet:-1","max-image-preview":"max-image-preview:large","max-video-preview":"max-video-preview:-1"},"canonical":"https:\/\/alberta.college\/courses\/the-royal-alberta-college-and-ibm-introduction-to-bookkeeping-2\/","og_locale":"fr_CA","og_type":"article","og_title":"The Royal Alberta College and IBM - Introduction to Bookkeeping - The Royal Alberta College","og_description":"4 hours","og_url":"https:\/\/alberta.college\/courses\/the-royal-alberta-college-and-ibm-introduction-to-bookkeeping-2\/","og_site_name":"The Royal Alberta College","article_publisher":"https:\/\/www.facebook.com\/RoyalAlbertaCollege","article_modified_time":"2025-04-14T17:29:15+00:00","og_image":[{"width":2432,"height":1460,"url":"https:\/\/alberta.college\/wp-content\/uploads\/2022\/11\/Intro-to-Bookkeeping-1.png","type":"image\/png"}],"twitter_card":"summary_large_image","twitter_site":"@alberta_college","twitter_misc":{"Estimation du temps de lecture":"1 minute"},"schema":{"@context":"https:\/\/schema.org","@graph":[{"@type":"WebPage","@id":"https:\/\/alberta.college\/courses\/the-royal-alberta-college-and-ibm-introduction-to-bookkeeping-2\/","url":"https:\/\/alberta.college\/courses\/the-royal-alberta-college-and-ibm-introduction-to-bookkeeping-2\/","name":"The Royal Alberta College and IBM - Introduction to Bookkeeping - The Royal Alberta College","isPartOf":{"@id":"https:\/\/alberta.college\/#website"},"primaryImageOfPage":{"@id":"https:\/\/alberta.college\/courses\/the-royal-alberta-college-and-ibm-introduction-to-bookkeeping-2\/#primaryimage"},"image":{"@id":"https:\/\/alberta.college\/courses\/the-royal-alberta-college-and-ibm-introduction-to-bookkeeping-2\/#primaryimage"},"thumbnailUrl":"https:\/\/52.60.82.137\/wp-content\/uploads\/2022\/11\/Intro-to-Bookkeeping-1.png","datePublished":"2022-11-02T22:10:11+00:00","dateModified":"2025-04-14T17:29:15+00:00","breadcrumb":{"@id":"https:\/\/alberta.college\/courses\/the-royal-alberta-college-and-ibm-introduction-to-bookkeeping-2\/#breadcrumb"},"inLanguage":"fr-CA","potentialAction":[{"@type":"ReadAction","target":["https:\/\/alberta.college\/courses\/the-royal-alberta-college-and-ibm-introduction-to-bookkeeping-2\/"]}]},{"@type":"ImageObject","inLanguage":"fr-CA","@id":"https:\/\/alberta.college\/courses\/the-royal-alberta-college-and-ibm-introduction-to-bookkeeping-2\/#primaryimage","url":"https:\/\/52.60.82.137\/wp-content\/uploads\/2022\/11\/Intro-to-Bookkeeping-1.png","contentUrl":"https:\/\/52.60.82.137\/wp-content\/uploads\/2022\/11\/Intro-to-Bookkeeping-1.png","width":2432,"height":1460},{"@type":"BreadcrumbList","@id":"https:\/\/alberta.college\/courses\/the-royal-alberta-college-and-ibm-introduction-to-bookkeeping-2\/#breadcrumb","itemListElement":[{"@type":"ListItem","position":1,"name":"Home","item":"https:\/\/alberta.college\/"},{"@type":"ListItem","position":2,"name":"Shop","item":"https:\/\/www.alberta.college\/fr\/shop\/"},{"@type":"ListItem","position":3,"name":"The Royal Alberta College and IBM &#8211; Introduction to Bookkeeping"}]},{"@type":"WebSite","@id":"https:\/\/alberta.college\/#website","url":"https:\/\/alberta.college\/","name":"The Royal Alberta College","description":"High-Quality Affordable, Accessible Education for everyone","publisher":{"@id":"https:\/\/alberta.college\/#organization"},"potentialAction":[{"@type":"SearchAction","target":{"@type":"EntryPoint","urlTemplate":"https:\/\/alberta.college\/?s={search_term_string}"},"query-input":{"@type":"PropertyValueSpecification","valueRequired":true,"valueName":"search_term_string"}}],"inLanguage":"fr-CA"},{"@type":"Organization","@id":"https:\/\/alberta.college\/#organization","name":"The Royal Alberta College","url":"https:\/\/alberta.college\/","logo":{"@type":"ImageObject","inLanguage":"fr-CA","@id":"https:\/\/alberta.college\/#\/schema\/logo\/image\/","url":"https:\/\/alberta.college\/wp-content\/uploads\/2021\/05\/rac-logo.png","contentUrl":"https:\/\/alberta.college\/wp-content\/uploads\/2021\/05\/rac-logo.png","width":400,"height":242,"caption":"The Royal Alberta College"},"image":{"@id":"https:\/\/alberta.college\/#\/schema\/logo\/image\/"},"sameAs":["https:\/\/www.facebook.com\/RoyalAlbertaCollege","https:\/\/x.com\/alberta_college"]}]}},"jetpack_sharing_enabled":true,"_links":{"self":[{"href":"http:\/\/52.60.82.137\/fr\/wp-json\/wp\/v2\/product\/10880"}],"collection":[{"href":"http:\/\/52.60.82.137\/fr\/wp-json\/wp\/v2\/product"}],"about":[{"href":"http:\/\/52.60.82.137\/fr\/wp-json\/wp\/v2\/types\/product"}],"wp:featuredmedia":[{"embeddable":true,"href":"http:\/\/52.60.82.137\/fr\/wp-json\/wp\/v2\/media\/17792"}],"wp:attachment":[{"href":"http:\/\/52.60.82.137\/fr\/wp-json\/wp\/v2\/media?parent=10880"}],"wp:term":[{"taxonomy":"product_cat","embeddable":true,"href":"http:\/\/52.60.82.137\/fr\/wp-json\/wp\/v2\/product_cat?post=10880"},{"taxonomy":"product_tag","embeddable":true,"href":"http:\/\/52.60.82.137\/fr\/wp-json\/wp\/v2\/product_tag?post=10880"}],"curies":[{"name":"wp","href":"https:\/\/api.w.org\/{rel}","templated":true}]}}