
{"id":10793,"date":"2022-11-01T15:28:37","date_gmt":"2022-11-01T21:28:37","guid":{"rendered":"http:\/\/15.222.4.10\/?post_type=product&#038;p=10793"},"modified":"2025-04-14T11:30:12","modified_gmt":"2025-04-14T17:30:12","slug":"the-royal-alberta-college-and-ibm-introduction-to-business-writing","status":"publish","type":"product","link":"http:\/\/52.60.82.137\/fr\/courses\/the-royal-alberta-college-and-ibm-introduction-to-business-writing\/","title":{"rendered":"Le Royal Alberta College et IBM \u2013 Introduction \u00e0 la r\u00e9daction commerciale"},"content":{"rendered":"<p>Que vous soyez salari\u00e9 ou employeur, la r\u00e9daction commerciale est cruciale. Il vous apprend \u00e0 \u00e9crire de mani\u00e8re claire et concise. Ce cours initie les apprenants \u00e0 la r\u00e9daction commerciale afin de les aider \u00e0 am\u00e9liorer leurs comp\u00e9tences. Dans ce cours, les apprenants apprennent \u00e9galement \u00e0 pr\u00e9parer un plan d&#039;affaires.<\/p>\n<p>Ce cours couvre :<\/p>\n<ul>\n<li>R\u00e9diger des documents commerciaux clairs, concis et convaincants \u2013 des e-mails aux rapports<\/li>\n<li>D\u00e9terminer ce que vous voulez dire rapidement et sans douleur<\/li>\n<li>Attirer et retenir l&#039;attention de vos lecteurs avec des messages puissants<\/li>\n<li>Structurer votre \u00e9criture pour un impact maximum<\/li>\n<li>Comment obtenir un ton de voix professionnel dans votre \u00e9criture<\/li>\n<li>Comment identifier et \u00e9liminer les discours techniques et le jargon commercial rebutant<\/li>\n<li>Cr\u00e9er les objectifs les plus puissants<\/li>\n<li>Comment \u00e9laborer un plan d&#039;action \u00e9tape par \u00e9tape<\/li>\n<li>Comment \u00e9tablir un plan d&#039;action de 90 jours<\/li>\n<li>Comment utiliser toutes vos forces, avantages et opportunit\u00e9s pour booster vos r\u00e9sultats.<\/li>\n<li>Trouver des solutions aux obstacles et menaces potentiels qui peuvent vous emp\u00eacher de r\u00e9ussir<\/li>\n<li>Comment vous tenir responsable tout au long de l&#039;ann\u00e9e, pour vous assurer d&#039;atteindre tous vos objectifs commerciaux<\/li>\n<\/ul>","protected":false},"excerpt":{"rendered":"<p>3 heures<\/p>","protected":false},"featured_media":17793,"template":"","meta":[],"product_cat":[105],"product_tag":[86],"yoast_head":"<!-- This site is optimized with the Yoast SEO plugin v23.5 - https:\/\/yoast.com\/wordpress\/plugins\/seo\/ -->\n<title>The Royal Alberta College and IBM - Introduction to Business Writing - The Royal Alberta College<\/title>\n<meta name=\"robots\" content=\"index, follow, max-snippet:-1, max-image-preview:large, max-video-preview:-1\" \/>\n<link rel=\"canonical\" href=\"https:\/\/alberta.college\/courses\/the-royal-alberta-college-and-ibm-introduction-to-business-writing\/\" \/>\n<meta property=\"og:locale\" content=\"fr_CA\" \/>\n<meta property=\"og:type\" content=\"article\" \/>\n<meta property=\"og:title\" content=\"The Royal Alberta College and IBM - Introduction to Business Writing - The Royal Alberta College\" \/>\n<meta property=\"og:description\" content=\"3 hours\" \/>\n<meta property=\"og:url\" content=\"https:\/\/alberta.college\/courses\/the-royal-alberta-college-and-ibm-introduction-to-business-writing\/\" \/>\n<meta property=\"og:site_name\" content=\"The Royal Alberta College\" \/>\n<meta property=\"article:publisher\" content=\"https:\/\/www.facebook.com\/RoyalAlbertaCollege\" \/>\n<meta property=\"article:modified_time\" content=\"2025-04-14T17:30:12+00:00\" \/>\n<meta property=\"og:image\" content=\"https:\/\/alberta.college\/wp-content\/uploads\/2022\/11\/Intro-to-Business-Writing-1.png\" \/>\n\t<meta property=\"og:image:width\" content=\"2432\" \/>\n\t<meta property=\"og:image:height\" content=\"1460\" \/>\n\t<meta property=\"og:image:type\" content=\"image\/png\" \/>\n<meta name=\"twitter:card\" content=\"summary_large_image\" \/>\n<meta name=\"twitter:site\" content=\"@alberta_college\" \/>\n<meta name=\"twitter:label1\" content=\"Estimation du temps de lecture\" \/>\n\t<meta name=\"twitter:data1\" content=\"1 minute\" \/>\n<script type=\"application\/ld+json\" class=\"yoast-schema-graph\">{\"@context\":\"https:\/\/schema.org\",\"@graph\":[{\"@type\":\"WebPage\",\"@id\":\"https:\/\/alberta.college\/courses\/the-royal-alberta-college-and-ibm-introduction-to-business-writing\/\",\"url\":\"https:\/\/alberta.college\/courses\/the-royal-alberta-college-and-ibm-introduction-to-business-writing\/\",\"name\":\"The Royal Alberta College and IBM - Introduction to Business Writing - The Royal Alberta College\",\"isPartOf\":{\"@id\":\"https:\/\/alberta.college\/#website\"},\"primaryImageOfPage\":{\"@id\":\"https:\/\/alberta.college\/courses\/the-royal-alberta-college-and-ibm-introduction-to-business-writing\/#primaryimage\"},\"image\":{\"@id\":\"https:\/\/alberta.college\/courses\/the-royal-alberta-college-and-ibm-introduction-to-business-writing\/#primaryimage\"},\"thumbnailUrl\":\"https:\/\/52.60.82.137\/wp-content\/uploads\/2022\/11\/Intro-to-Business-Writing-1.png\",\"datePublished\":\"2022-11-01T21:28:37+00:00\",\"dateModified\":\"2025-04-14T17:30:12+00:00\",\"breadcrumb\":{\"@id\":\"https:\/\/alberta.college\/courses\/the-royal-alberta-college-and-ibm-introduction-to-business-writing\/#breadcrumb\"},\"inLanguage\":\"fr-CA\",\"potentialAction\":[{\"@type\":\"ReadAction\",\"target\":[\"https:\/\/alberta.college\/courses\/the-royal-alberta-college-and-ibm-introduction-to-business-writing\/\"]}]},{\"@type\":\"ImageObject\",\"inLanguage\":\"fr-CA\",\"@id\":\"https:\/\/alberta.college\/courses\/the-royal-alberta-college-and-ibm-introduction-to-business-writing\/#primaryimage\",\"url\":\"https:\/\/52.60.82.137\/wp-content\/uploads\/2022\/11\/Intro-to-Business-Writing-1.png\",\"contentUrl\":\"https:\/\/52.60.82.137\/wp-content\/uploads\/2022\/11\/Intro-to-Business-Writing-1.png\",\"width\":2432,\"height\":1460},{\"@type\":\"BreadcrumbList\",\"@id\":\"https:\/\/alberta.college\/courses\/the-royal-alberta-college-and-ibm-introduction-to-business-writing\/#breadcrumb\",\"itemListElement\":[{\"@type\":\"ListItem\",\"position\":1,\"name\":\"Home\",\"item\":\"https:\/\/alberta.college\/\"},{\"@type\":\"ListItem\",\"position\":2,\"name\":\"Shop\",\"item\":\"https:\/\/www.alberta.college\/fr\/shop\/\"},{\"@type\":\"ListItem\",\"position\":3,\"name\":\"The Royal Alberta College and IBM &#8211; Introduction to Business Writing\"}]},{\"@type\":\"WebSite\",\"@id\":\"https:\/\/alberta.college\/#website\",\"url\":\"https:\/\/alberta.college\/\",\"name\":\"The Royal Alberta College\",\"description\":\"High-Quality Affordable, Accessible Education for everyone\",\"publisher\":{\"@id\":\"https:\/\/alberta.college\/#organization\"},\"potentialAction\":[{\"@type\":\"SearchAction\",\"target\":{\"@type\":\"EntryPoint\",\"urlTemplate\":\"https:\/\/alberta.college\/?s={search_term_string}\"},\"query-input\":{\"@type\":\"PropertyValueSpecification\",\"valueRequired\":true,\"valueName\":\"search_term_string\"}}],\"inLanguage\":\"fr-CA\"},{\"@type\":\"Organization\",\"@id\":\"https:\/\/alberta.college\/#organization\",\"name\":\"The Royal Alberta College\",\"url\":\"https:\/\/alberta.college\/\",\"logo\":{\"@type\":\"ImageObject\",\"inLanguage\":\"fr-CA\",\"@id\":\"https:\/\/alberta.college\/#\/schema\/logo\/image\/\",\"url\":\"https:\/\/alberta.college\/wp-content\/uploads\/2021\/05\/rac-logo.png\",\"contentUrl\":\"https:\/\/alberta.college\/wp-content\/uploads\/2021\/05\/rac-logo.png\",\"width\":400,\"height\":242,\"caption\":\"The Royal Alberta College\"},\"image\":{\"@id\":\"https:\/\/alberta.college\/#\/schema\/logo\/image\/\"},\"sameAs\":[\"https:\/\/www.facebook.com\/RoyalAlbertaCollege\",\"https:\/\/x.com\/alberta_college\"]}]}<\/script>\n<!-- \/ Yoast SEO plugin. -->","yoast_head_json":{"title":"The Royal Alberta College and IBM - Introduction to Business Writing - The Royal Alberta College","robots":{"index":"index","follow":"follow","max-snippet":"max-snippet:-1","max-image-preview":"max-image-preview:large","max-video-preview":"max-video-preview:-1"},"canonical":"https:\/\/alberta.college\/courses\/the-royal-alberta-college-and-ibm-introduction-to-business-writing\/","og_locale":"fr_CA","og_type":"article","og_title":"The Royal Alberta College and IBM - Introduction to Business Writing - The Royal Alberta College","og_description":"3 hours","og_url":"https:\/\/alberta.college\/courses\/the-royal-alberta-college-and-ibm-introduction-to-business-writing\/","og_site_name":"The Royal Alberta College","article_publisher":"https:\/\/www.facebook.com\/RoyalAlbertaCollege","article_modified_time":"2025-04-14T17:30:12+00:00","og_image":[{"width":2432,"height":1460,"url":"https:\/\/alberta.college\/wp-content\/uploads\/2022\/11\/Intro-to-Business-Writing-1.png","type":"image\/png"}],"twitter_card":"summary_large_image","twitter_site":"@alberta_college","twitter_misc":{"Estimation du temps de lecture":"1 minute"},"schema":{"@context":"https:\/\/schema.org","@graph":[{"@type":"WebPage","@id":"https:\/\/alberta.college\/courses\/the-royal-alberta-college-and-ibm-introduction-to-business-writing\/","url":"https:\/\/alberta.college\/courses\/the-royal-alberta-college-and-ibm-introduction-to-business-writing\/","name":"The Royal Alberta College and IBM - Introduction to Business Writing - The Royal Alberta College","isPartOf":{"@id":"https:\/\/alberta.college\/#website"},"primaryImageOfPage":{"@id":"https:\/\/alberta.college\/courses\/the-royal-alberta-college-and-ibm-introduction-to-business-writing\/#primaryimage"},"image":{"@id":"https:\/\/alberta.college\/courses\/the-royal-alberta-college-and-ibm-introduction-to-business-writing\/#primaryimage"},"thumbnailUrl":"https:\/\/52.60.82.137\/wp-content\/uploads\/2022\/11\/Intro-to-Business-Writing-1.png","datePublished":"2022-11-01T21:28:37+00:00","dateModified":"2025-04-14T17:30:12+00:00","breadcrumb":{"@id":"https:\/\/alberta.college\/courses\/the-royal-alberta-college-and-ibm-introduction-to-business-writing\/#breadcrumb"},"inLanguage":"fr-CA","potentialAction":[{"@type":"ReadAction","target":["https:\/\/alberta.college\/courses\/the-royal-alberta-college-and-ibm-introduction-to-business-writing\/"]}]},{"@type":"ImageObject","inLanguage":"fr-CA","@id":"https:\/\/alberta.college\/courses\/the-royal-alberta-college-and-ibm-introduction-to-business-writing\/#primaryimage","url":"https:\/\/52.60.82.137\/wp-content\/uploads\/2022\/11\/Intro-to-Business-Writing-1.png","contentUrl":"https:\/\/52.60.82.137\/wp-content\/uploads\/2022\/11\/Intro-to-Business-Writing-1.png","width":2432,"height":1460},{"@type":"BreadcrumbList","@id":"https:\/\/alberta.college\/courses\/the-royal-alberta-college-and-ibm-introduction-to-business-writing\/#breadcrumb","itemListElement":[{"@type":"ListItem","position":1,"name":"Home","item":"https:\/\/alberta.college\/"},{"@type":"ListItem","position":2,"name":"Shop","item":"https:\/\/www.alberta.college\/fr\/shop\/"},{"@type":"ListItem","position":3,"name":"The Royal Alberta College and IBM &#8211; Introduction to Business Writing"}]},{"@type":"WebSite","@id":"https:\/\/alberta.college\/#website","url":"https:\/\/alberta.college\/","name":"The Royal Alberta College","description":"High-Quality Affordable, Accessible Education for everyone","publisher":{"@id":"https:\/\/alberta.college\/#organization"},"potentialAction":[{"@type":"SearchAction","target":{"@type":"EntryPoint","urlTemplate":"https:\/\/alberta.college\/?s={search_term_string}"},"query-input":{"@type":"PropertyValueSpecification","valueRequired":true,"valueName":"search_term_string"}}],"inLanguage":"fr-CA"},{"@type":"Organization","@id":"https:\/\/alberta.college\/#organization","name":"The Royal Alberta College","url":"https:\/\/alberta.college\/","logo":{"@type":"ImageObject","inLanguage":"fr-CA","@id":"https:\/\/alberta.college\/#\/schema\/logo\/image\/","url":"https:\/\/alberta.college\/wp-content\/uploads\/2021\/05\/rac-logo.png","contentUrl":"https:\/\/alberta.college\/wp-content\/uploads\/2021\/05\/rac-logo.png","width":400,"height":242,"caption":"The Royal Alberta College"},"image":{"@id":"https:\/\/alberta.college\/#\/schema\/logo\/image\/"},"sameAs":["https:\/\/www.facebook.com\/RoyalAlbertaCollege","https:\/\/x.com\/alberta_college"]}]}},"jetpack_sharing_enabled":true,"_links":{"self":[{"href":"http:\/\/52.60.82.137\/fr\/wp-json\/wp\/v2\/product\/10793"}],"collection":[{"href":"http:\/\/52.60.82.137\/fr\/wp-json\/wp\/v2\/product"}],"about":[{"href":"http:\/\/52.60.82.137\/fr\/wp-json\/wp\/v2\/types\/product"}],"wp:featuredmedia":[{"embeddable":true,"href":"http:\/\/52.60.82.137\/fr\/wp-json\/wp\/v2\/media\/17793"}],"wp:attachment":[{"href":"http:\/\/52.60.82.137\/fr\/wp-json\/wp\/v2\/media?parent=10793"}],"wp:term":[{"taxonomy":"product_cat","embeddable":true,"href":"http:\/\/52.60.82.137\/fr\/wp-json\/wp\/v2\/product_cat?post=10793"},{"taxonomy":"product_tag","embeddable":true,"href":"http:\/\/52.60.82.137\/fr\/wp-json\/wp\/v2\/product_tag?post=10793"}],"curies":[{"name":"wp","href":"https:\/\/api.w.org\/{rel}","templated":true}]}}