
{"id":10676,"date":"2022-10-28T17:08:36","date_gmt":"2022-10-28T23:08:36","guid":{"rendered":"http:\/\/15.222.4.10\/?post_type=product&#038;p=10676"},"modified":"2025-04-14T11:31:09","modified_gmt":"2025-04-14T17:31:09","slug":"the-royal-alberta-college-and-ibm-introduction-to-tiktok-how-to-grow-your-account-master-tiktok-ads","status":"publish","type":"product","link":"http:\/\/52.60.82.137\/fr\/courses\/the-royal-alberta-college-and-ibm-introduction-to-tiktok-how-to-grow-your-account-master-tiktok-ads\/","title":{"rendered":"Le Royal Alberta College et IBM \u2013 Introduction \u00e0 TikTok \u2013 Comment d\u00e9velopper votre compte et ma\u00eetriser les publicit\u00e9s TikTok"},"content":{"rendered":"<p class=\"Paragraph_paragraph__2Gj1e FullPageDescription_title__3hGxD\"><span dir=\"ltr\" lang=\"en\" translate=\"yes\">\u00c0 propos de ce plan d&#039;apprentissage<\/span><\/p>\n<div>\n<div class=\"FullPageDescription_wrapper__2gX5c ToggleFullPageDescription_description__2LPaU exclude-styles-from-reset m-t-1\">\n<p><strong>\u00c0 qui s&#039;adresse ce cours\u00a0:<\/strong><\/p>\n<ul>\n<li>Toute personne souhaitant profiter de TikTok pour commercialiser son entreprise<\/li>\n<li>Toute personne souhaitant profiter de TikTok pour d\u00e9velopper sa propre marque personnelle<\/li>\n<li>Toute personne souhaitant ajouter TikTok comme comp\u00e9tence sur son CV<\/li>\n<\/ul>\n<p><strong>Ce que vous apprendrez<\/strong><\/p>\n<ul>\n<li>Comment d\u00e9velopper votre propre compte TikTok de mani\u00e8re organique<\/li>\n<li>Comment concevoir et faire \u00e9voluer les campagnes publicitaires TikTok<\/li>\n<li>Comment concevoir du contenu sp\u00e9cifiquement pour l&#039;algorithme de TikTok<\/li>\n<li>Comment faire d\u00e9couvrir votre contenu, m\u00eame lorsque votre compte est tout nouveau<\/li>\n<li>Comment concevoir un profil personnel optimis\u00e9 pour l&#039;engagement<\/li>\n<li>Comment concevoir un profil d&#039;entreprise optimis\u00e9 pour l&#039;engagement<\/li>\n<li>Comment concevoir un profil d&#039;agr\u00e9gateur optimis\u00e9 pour l&#039;engagement<\/li>\n<li>Comment publier du contenu \u00e0 la meilleure fr\u00e9quence et au meilleur timing<\/li>\n<li>Comment choisir un nom d&#039;utilisateur optimis\u00e9<\/li>\n<li>Comment optimiser votre texte bio et votre photo de profil<\/li>\n<li>Comment faire voir vos publications dans d&#039;autres pays<\/li>\n<li>Comment utiliser les analyses TikTok<\/li>\n<li>Comment \u00eatre v\u00e9rifi\u00e9 sur TikTok<\/li>\n<li>Comment am\u00e9liorer la valeur de production de vos publications<\/li>\n<li>Comment participer aux d\u00e9fis et suivre les tendances<\/li>\n<li>Comment fonctionne l&#039;algorithme TikTok<\/li>\n<li>Comment cr\u00e9er un plan de contenu pour les publications<\/li>\n<li>Comment g\u00e9rer les vid\u00e9os qui ne sont pas vues<\/li>\n<li>3 fa\u00e7ons de mon\u00e9tiser votre compte TikTik<\/li>\n<li>Comment d\u00e9velopper votre compte TikTok si vous \u00eates une entreprise<\/li>\n<li>Comment configurer votre compte publicitaire<\/li>\n<li>Comment concevoir votre premi\u00e8re campagne publicitaire TikTok<\/li>\n<li>Comment savoir quand vos annonces fonctionnent bien ou quand elles n\u00e9cessitent un d\u00e9pannage<\/li>\n<li>Comment faire \u00e9voluer efficacement vos annonces \u00e0 succ\u00e8s<\/li>\n<\/ul>\n<p><strong>Description<\/strong><\/p>\n<p>Que vous cherchiez \u00e0\u00a0<strong>boostez votre profil personnel<\/strong>\u00a0ou en esp\u00e9rant\u00a0<strong>g\u00e9n\u00e9rer des revenus pour votre entreprise<\/strong>, vous aurez envie d&#039;\u00eatre sur TikTok.<\/p>\n<p>Au monde\u00a0<strong>plateforme de m\u00e9dias sociaux \u00e0 la croissance la plus rapide<\/strong>, TikTok compte environ 800 millions d\u2019utilisateurs actifs mensuels. (Oui, c&#039;est plus populaire qu&#039;Instagram.) De plus, c&#039;est le seul endroit o\u00f9 les nouveaux utilisateurs peuvent devenir viraux du jour au lendemain. En d\u2019autres termes, c\u2019est une opportunit\u00e9 marketing que vous ne voulez pas fuir.<\/p>\n<p>Dans ce cours, nous vous ferons passer du statut de d\u00e9butant complet \u00e0 celui de v\u00e9ritable pro de TikTok. Vous apprendrez comment cr\u00e9er un compte personnel ou professionnel avec lequel les utilisateurs voudront interagir, et comment cr\u00e9er une publication TikTok divertissante. D\u00e9velopper votre compte est \u00e9galement \u00e0 l\u2019ordre du jour. En fait, nous allons vous montrer\u00a0<strong>comment obtenir 10 000 abonn\u00e9s en 30 jours<\/strong>\u00a0sans utiliser de robots douteux ni acheter de followers. Nous r\u00e9v\u00e9lerons \u00e9galement exactement comment fonctionne l&#039;algorithme de TikTok, afin que vous puissiez vous assurer que vos efforts sont vus par votre public cible. Et nous vous apprendrons les nombreuses fa\u00e7ons dont vous pouvez\u00a0<strong>gagner de l&#039;argent avec votre compte TikTok<\/strong>.<\/p>\n<p>Si vous \u00eates propri\u00e9taire d&#039;une entreprise, portez une attention particuli\u00e8re \u00e0 nos sections TikTok pour les entreprises. Ils vous apprendront tout ce dont vous avez besoin\u00a0<strong>d\u00e9veloppez votre client\u00e8le<\/strong>, y compris comment cr\u00e9er des publicit\u00e9s rentables avec un budget modeste.<\/p>\n<p>En plus de nous \u00e9couter, vous apprendrez \u00e9galement de certaines des stars les plus brillantes de TikTok. D\u00e9couvrez comment un chanteur a propuls\u00e9 son morceau au sommet des charts avec rien d&#039;autre que l&#039;application. Ou plongez dans les strat\u00e9gies de vente innovantes utilis\u00e9es par les entreprises de restauration rapide et les marques de beaut\u00e9.<br \/>\nVous n&#039;avez besoin d&#039;aucune sorte d&#039;abonn\u00e9s pour commencer ce cours - juste un smartphone et le d\u00e9sir de participer \u00e0 l&#039;une des formes de m\u00e9dias sociaux les plus amusantes. Vous avez les deux ? Alors pr\u00e9parez-vous \u00e0 d\u00e9velopper votre profil.<\/p>\n<p><strong>Vos instructeurs<\/strong>:<br \/>\n<em>Darius Morav\u010dik<\/em>\u00a0est le directeur marketing (CMO) de Reflectly, une application mobile de pleine conscience en croissance rapide. Il est \u00e9galement deux fois instructeur Udemy, avec plus de 7 000 \u00e9tudiants payants et 300 avis 5 \u00e9toiles.<br \/>\n<em>Evan Kimbrell<\/em>\u00a0fait partie du top 1% des instructeurs Udemy avec plus de 30 cours sur l&#039;entrepreneuriat et le marketing. Ses cours comptent plus de 630 000 \u00e9tudiants, plus de 39 000 avis 5 \u00e9toiles et ont \u00e9t\u00e9 couverts dans des publications telles que TechCrunch, Entrepreneur Magazine et Buzzfeed.<\/p>\n<\/div>\n<\/div>","protected":false},"excerpt":{"rendered":"<p>11 heures<\/p>","protected":false},"featured_media":17804,"template":"","meta":[],"product_cat":[105],"product_tag":[89],"yoast_head":"<!-- This site is optimized with the Yoast SEO plugin v23.5 - https:\/\/yoast.com\/wordpress\/plugins\/seo\/ -->\n<title>The Royal Alberta College and IBM - Introduction to TikTok - How to Grow Your Account &amp; Master\u00a0TikTok\u00a0Ads - The Royal Alberta College<\/title>\n<meta name=\"robots\" content=\"index, follow, max-snippet:-1, max-image-preview:large, max-video-preview:-1\" \/>\n<link rel=\"canonical\" href=\"https:\/\/www.alberta.college\/courses\/the-royal-alberta-college-and-ibm-introduction-to-tiktok-how-to-grow-your-account-master-tiktok-ads\/\" \/>\n<meta property=\"og:locale\" content=\"fr_CA\" \/>\n<meta property=\"og:type\" content=\"article\" \/>\n<meta property=\"og:title\" content=\"The Royal Alberta College and IBM - Introduction to TikTok - How to Grow Your Account &amp; Master\u00a0TikTok\u00a0Ads - The Royal Alberta College\" \/>\n<meta property=\"og:description\" content=\"11 hours\" \/>\n<meta property=\"og:url\" content=\"https:\/\/www.alberta.college\/courses\/the-royal-alberta-college-and-ibm-introduction-to-tiktok-how-to-grow-your-account-master-tiktok-ads\/\" \/>\n<meta property=\"og:site_name\" content=\"The Royal Alberta College\" \/>\n<meta property=\"article:publisher\" content=\"https:\/\/www.facebook.com\/RoyalAlbertaCollege\" \/>\n<meta property=\"article:modified_time\" content=\"2025-04-14T17:31:09+00:00\" \/>\n<meta property=\"og:image\" content=\"https:\/\/www.alberta.college\/wp-content\/uploads\/2022\/10\/Introduction-to-TikTok-1-1024x615.png\" \/>\n\t<meta property=\"og:image:width\" content=\"1024\" \/>\n\t<meta property=\"og:image:height\" content=\"615\" \/>\n\t<meta property=\"og:image:type\" content=\"image\/png\" \/>\n<meta name=\"twitter:card\" content=\"summary_large_image\" \/>\n<meta name=\"twitter:site\" content=\"@alberta_college\" \/>\n<meta name=\"twitter:label1\" content=\"Estimation du temps de lecture\" \/>\n\t<meta name=\"twitter:data1\" content=\"3 minutes\" \/>\n<script type=\"application\/ld+json\" class=\"yoast-schema-graph\">{\"@context\":\"https:\/\/schema.org\",\"@graph\":[{\"@type\":\"WebPage\",\"@id\":\"https:\/\/www.alberta.college\/courses\/the-royal-alberta-college-and-ibm-introduction-to-tiktok-how-to-grow-your-account-master-tiktok-ads\/\",\"url\":\"https:\/\/www.alberta.college\/courses\/the-royal-alberta-college-and-ibm-introduction-to-tiktok-how-to-grow-your-account-master-tiktok-ads\/\",\"name\":\"The Royal Alberta College and IBM - Introduction to TikTok - How to Grow Your Account & Master\u00a0TikTok\u00a0Ads - The Royal Alberta College\",\"isPartOf\":{\"@id\":\"https:\/\/alberta.college\/#website\"},\"primaryImageOfPage\":{\"@id\":\"https:\/\/www.alberta.college\/courses\/the-royal-alberta-college-and-ibm-introduction-to-tiktok-how-to-grow-your-account-master-tiktok-ads\/#primaryimage\"},\"image\":{\"@id\":\"https:\/\/www.alberta.college\/courses\/the-royal-alberta-college-and-ibm-introduction-to-tiktok-how-to-grow-your-account-master-tiktok-ads\/#primaryimage\"},\"thumbnailUrl\":\"https:\/\/52.60.82.137\/wp-content\/uploads\/2022\/10\/Introduction-to-TikTok-1.png\",\"datePublished\":\"2022-10-28T23:08:36+00:00\",\"dateModified\":\"2025-04-14T17:31:09+00:00\",\"breadcrumb\":{\"@id\":\"https:\/\/www.alberta.college\/courses\/the-royal-alberta-college-and-ibm-introduction-to-tiktok-how-to-grow-your-account-master-tiktok-ads\/#breadcrumb\"},\"inLanguage\":\"fr-CA\",\"potentialAction\":[{\"@type\":\"ReadAction\",\"target\":[\"https:\/\/www.alberta.college\/courses\/the-royal-alberta-college-and-ibm-introduction-to-tiktok-how-to-grow-your-account-master-tiktok-ads\/\"]}]},{\"@type\":\"ImageObject\",\"inLanguage\":\"fr-CA\",\"@id\":\"https:\/\/www.alberta.college\/courses\/the-royal-alberta-college-and-ibm-introduction-to-tiktok-how-to-grow-your-account-master-tiktok-ads\/#primaryimage\",\"url\":\"https:\/\/52.60.82.137\/wp-content\/uploads\/2022\/10\/Introduction-to-TikTok-1.png\",\"contentUrl\":\"https:\/\/52.60.82.137\/wp-content\/uploads\/2022\/10\/Introduction-to-TikTok-1.png\",\"width\":2432,\"height\":1460},{\"@type\":\"BreadcrumbList\",\"@id\":\"https:\/\/www.alberta.college\/courses\/the-royal-alberta-college-and-ibm-introduction-to-tiktok-how-to-grow-your-account-master-tiktok-ads\/#breadcrumb\",\"itemListElement\":[{\"@type\":\"ListItem\",\"position\":1,\"name\":\"Home\",\"item\":\"https:\/\/alberta.college\/\"},{\"@type\":\"ListItem\",\"position\":2,\"name\":\"Shop\",\"item\":\"https:\/\/www.alberta.college\/fr\/shop\/\"},{\"@type\":\"ListItem\",\"position\":3,\"name\":\"The Royal Alberta College and IBM &#8211; Introduction to TikTok &#8211; How to Grow Your Account &#038; Master\u00a0TikTok\u00a0Ads\"}]},{\"@type\":\"WebSite\",\"@id\":\"https:\/\/alberta.college\/#website\",\"url\":\"https:\/\/alberta.college\/\",\"name\":\"The Royal Alberta College\",\"description\":\"High-Quality Affordable, Accessible Education for everyone\",\"publisher\":{\"@id\":\"https:\/\/alberta.college\/#organization\"},\"potentialAction\":[{\"@type\":\"SearchAction\",\"target\":{\"@type\":\"EntryPoint\",\"urlTemplate\":\"https:\/\/alberta.college\/?s={search_term_string}\"},\"query-input\":{\"@type\":\"PropertyValueSpecification\",\"valueRequired\":true,\"valueName\":\"search_term_string\"}}],\"inLanguage\":\"fr-CA\"},{\"@type\":\"Organization\",\"@id\":\"https:\/\/alberta.college\/#organization\",\"name\":\"The Royal Alberta College\",\"url\":\"https:\/\/alberta.college\/\",\"logo\":{\"@type\":\"ImageObject\",\"inLanguage\":\"fr-CA\",\"@id\":\"https:\/\/alberta.college\/#\/schema\/logo\/image\/\",\"url\":\"https:\/\/alberta.college\/wp-content\/uploads\/2021\/05\/rac-logo.png\",\"contentUrl\":\"https:\/\/alberta.college\/wp-content\/uploads\/2021\/05\/rac-logo.png\",\"width\":400,\"height\":242,\"caption\":\"The Royal Alberta College\"},\"image\":{\"@id\":\"https:\/\/alberta.college\/#\/schema\/logo\/image\/\"},\"sameAs\":[\"https:\/\/www.facebook.com\/RoyalAlbertaCollege\",\"https:\/\/x.com\/alberta_college\"]}]}<\/script>\n<!-- \/ Yoast SEO plugin. -->","yoast_head_json":{"title":"The Royal Alberta College and IBM - Introduction to TikTok - How to Grow Your Account & Master\u00a0TikTok\u00a0Ads - The Royal Alberta College","robots":{"index":"index","follow":"follow","max-snippet":"max-snippet:-1","max-image-preview":"max-image-preview:large","max-video-preview":"max-video-preview:-1"},"canonical":"https:\/\/www.alberta.college\/courses\/the-royal-alberta-college-and-ibm-introduction-to-tiktok-how-to-grow-your-account-master-tiktok-ads\/","og_locale":"fr_CA","og_type":"article","og_title":"The Royal Alberta College and IBM - Introduction to TikTok - How to Grow Your Account & Master\u00a0TikTok\u00a0Ads - The Royal Alberta College","og_description":"11 hours","og_url":"https:\/\/www.alberta.college\/courses\/the-royal-alberta-college-and-ibm-introduction-to-tiktok-how-to-grow-your-account-master-tiktok-ads\/","og_site_name":"The Royal Alberta College","article_publisher":"https:\/\/www.facebook.com\/RoyalAlbertaCollege","article_modified_time":"2025-04-14T17:31:09+00:00","og_image":[{"width":1024,"height":615,"url":"https:\/\/www.alberta.college\/wp-content\/uploads\/2022\/10\/Introduction-to-TikTok-1-1024x615.png","type":"image\/png"}],"twitter_card":"summary_large_image","twitter_site":"@alberta_college","twitter_misc":{"Estimation du temps de lecture":"3 minutes"},"schema":{"@context":"https:\/\/schema.org","@graph":[{"@type":"WebPage","@id":"https:\/\/www.alberta.college\/courses\/the-royal-alberta-college-and-ibm-introduction-to-tiktok-how-to-grow-your-account-master-tiktok-ads\/","url":"https:\/\/www.alberta.college\/courses\/the-royal-alberta-college-and-ibm-introduction-to-tiktok-how-to-grow-your-account-master-tiktok-ads\/","name":"The Royal Alberta College and IBM - Introduction to TikTok - How to Grow Your Account & Master\u00a0TikTok\u00a0Ads - The Royal Alberta College","isPartOf":{"@id":"https:\/\/alberta.college\/#website"},"primaryImageOfPage":{"@id":"https:\/\/www.alberta.college\/courses\/the-royal-alberta-college-and-ibm-introduction-to-tiktok-how-to-grow-your-account-master-tiktok-ads\/#primaryimage"},"image":{"@id":"https:\/\/www.alberta.college\/courses\/the-royal-alberta-college-and-ibm-introduction-to-tiktok-how-to-grow-your-account-master-tiktok-ads\/#primaryimage"},"thumbnailUrl":"https:\/\/52.60.82.137\/wp-content\/uploads\/2022\/10\/Introduction-to-TikTok-1.png","datePublished":"2022-10-28T23:08:36+00:00","dateModified":"2025-04-14T17:31:09+00:00","breadcrumb":{"@id":"https:\/\/www.alberta.college\/courses\/the-royal-alberta-college-and-ibm-introduction-to-tiktok-how-to-grow-your-account-master-tiktok-ads\/#breadcrumb"},"inLanguage":"fr-CA","potentialAction":[{"@type":"ReadAction","target":["https:\/\/www.alberta.college\/courses\/the-royal-alberta-college-and-ibm-introduction-to-tiktok-how-to-grow-your-account-master-tiktok-ads\/"]}]},{"@type":"ImageObject","inLanguage":"fr-CA","@id":"https:\/\/www.alberta.college\/courses\/the-royal-alberta-college-and-ibm-introduction-to-tiktok-how-to-grow-your-account-master-tiktok-ads\/#primaryimage","url":"https:\/\/52.60.82.137\/wp-content\/uploads\/2022\/10\/Introduction-to-TikTok-1.png","contentUrl":"https:\/\/52.60.82.137\/wp-content\/uploads\/2022\/10\/Introduction-to-TikTok-1.png","width":2432,"height":1460},{"@type":"BreadcrumbList","@id":"https:\/\/www.alberta.college\/courses\/the-royal-alberta-college-and-ibm-introduction-to-tiktok-how-to-grow-your-account-master-tiktok-ads\/#breadcrumb","itemListElement":[{"@type":"ListItem","position":1,"name":"Home","item":"https:\/\/alberta.college\/"},{"@type":"ListItem","position":2,"name":"Shop","item":"https:\/\/www.alberta.college\/fr\/shop\/"},{"@type":"ListItem","position":3,"name":"The Royal Alberta College and IBM &#8211; Introduction to TikTok &#8211; How to Grow Your Account &#038; Master\u00a0TikTok\u00a0Ads"}]},{"@type":"WebSite","@id":"https:\/\/alberta.college\/#website","url":"https:\/\/alberta.college\/","name":"The Royal Alberta College","description":"High-Quality Affordable, Accessible Education for everyone","publisher":{"@id":"https:\/\/alberta.college\/#organization"},"potentialAction":[{"@type":"SearchAction","target":{"@type":"EntryPoint","urlTemplate":"https:\/\/alberta.college\/?s={search_term_string}"},"query-input":{"@type":"PropertyValueSpecification","valueRequired":true,"valueName":"search_term_string"}}],"inLanguage":"fr-CA"},{"@type":"Organization","@id":"https:\/\/alberta.college\/#organization","name":"The Royal Alberta College","url":"https:\/\/alberta.college\/","logo":{"@type":"ImageObject","inLanguage":"fr-CA","@id":"https:\/\/alberta.college\/#\/schema\/logo\/image\/","url":"https:\/\/alberta.college\/wp-content\/uploads\/2021\/05\/rac-logo.png","contentUrl":"https:\/\/alberta.college\/wp-content\/uploads\/2021\/05\/rac-logo.png","width":400,"height":242,"caption":"The Royal Alberta College"},"image":{"@id":"https:\/\/alberta.college\/#\/schema\/logo\/image\/"},"sameAs":["https:\/\/www.facebook.com\/RoyalAlbertaCollege","https:\/\/x.com\/alberta_college"]}]}},"jetpack_sharing_enabled":true,"_links":{"self":[{"href":"http:\/\/52.60.82.137\/fr\/wp-json\/wp\/v2\/product\/10676"}],"collection":[{"href":"http:\/\/52.60.82.137\/fr\/wp-json\/wp\/v2\/product"}],"about":[{"href":"http:\/\/52.60.82.137\/fr\/wp-json\/wp\/v2\/types\/product"}],"wp:featuredmedia":[{"embeddable":true,"href":"http:\/\/52.60.82.137\/fr\/wp-json\/wp\/v2\/media\/17804"}],"wp:attachment":[{"href":"http:\/\/52.60.82.137\/fr\/wp-json\/wp\/v2\/media?parent=10676"}],"wp:term":[{"taxonomy":"product_cat","embeddable":true,"href":"http:\/\/52.60.82.137\/fr\/wp-json\/wp\/v2\/product_cat?post=10676"},{"taxonomy":"product_tag","embeddable":true,"href":"http:\/\/52.60.82.137\/fr\/wp-json\/wp\/v2\/product_tag?post=10676"}],"curies":[{"name":"wp","href":"https:\/\/api.w.org\/{rel}","templated":true}]}}