
{"id":10233,"date":"2022-10-19T13:02:14","date_gmt":"2022-10-19T19:02:14","guid":{"rendered":"http:\/\/15.222.4.10\/?post_type=product&#038;p=10233"},"modified":"2025-04-14T11:31:17","modified_gmt":"2025-04-14T17:31:17","slug":"the-royal-alberta-college-and-ibm-management-operations-leadership-in-business","status":"publish","type":"product","link":"http:\/\/52.60.82.137\/fr\/courses\/the-royal-alberta-college-and-ibm-management-operations-leadership-in-business\/","title":{"rendered":"Le Royal Alberta College et IBM \u2013 Gestion, op\u00e9rations et leadership en affaires"},"content":{"rendered":"<p>\u00c0 la fin, les apprenants acquerront une compr\u00e9hension des concepts et des th\u00e9ories qui comprendront\u00a0: l&#039;am\u00e9lioration des performances organisationnelles, la prise de d\u00e9cision, la gestion des risques, l&#039;\u00e9thique, la gestion du temps, la supervision, la gestion d&#039;une op\u00e9ration et la mani\u00e8re d&#039;am\u00e9liorer l&#039;op\u00e9ration, la gestion des stocks, la surveillance des achats au sein des op\u00e9rations et Gestion en entreprise.<br \/>\nLes apprenants d\u00e9velopperont une compr\u00e9hension qui inclura, sans toutefois s&#039;y limiter, les sujets suivants et leur permettra de\u00a0:<\/p>\n<ul>\n<li>Distinguer les diff\u00e9rentes approches de l\u2019\u00e9laboration d\u2019une strat\u00e9gie.<\/li>\n<li>Distinguer les enjeux strat\u00e9giques et op\u00e9rationnels.<\/li>\n<li>Reconna\u00eetre les diff\u00e9rents niveaux organisationnels auxquels la strat\u00e9gie fonctionne.<\/li>\n<li>D\u00e9velopper une compr\u00e9hension des liens entre les \u00e9tapes du processus strat\u00e9gique : analyser, choisir et mettre en \u0153uvre la strat\u00e9gie.<\/li>\n<li>D\u00e9montrer une connaissance de l\u2019\u00e9ventail des risques financiers et connexes auxquels les organisations sont confront\u00e9es.<\/li>\n<li>Comprendre l&#039;approche de la gestion des risques \u00e0 travers l&#039;identification des risques, la mesure des risques et la gestion (ou l&#039;att\u00e9nuation) des risques.<\/li>\n<li>Comprendre le risque de r\u00e9putation.<\/li>\n<li>Comprendre le risque op\u00e9rationnel et comment le g\u00e9rer.<\/li>\n<li>Comprendre ce qu&#039;est un produit, les diff\u00e9rents niveaux qui le composent et les diff\u00e9rents types de produits.<\/li>\n<li>Comprendre comment les produits peuvent \u00eatre class\u00e9s, ainsi que la nature de la gamme de produits et de la gamme de produits.<\/li>\n<li>Gestion des stocks et rapports<\/li>\n<\/ul>\n<ul>\n<li>Gestion des stocks\u00a0: aligner les stocks sur la production et la demande<\/li>\n<li>D\u00e9finir les \u00ab op\u00e9rations \u00bb et la \u00ab gestion des op\u00e9rations \u00bb.<\/li>\n<li>Identifier les r\u00f4les et responsabilit\u00e9s des responsables des op\u00e9rations dans diff\u00e9rents contextes organisationnels.<\/li>\n<li>Appliquer le \u00ab\u00a0mod\u00e8le de transformation\u00a0\u00bb pour identifier les intrants, les processus de transformation et les extrants d&#039;une organisation.<\/li>\n<li>Identifier les processus op\u00e9rationnels et administratifs.<\/li>\n<li>D\u00e9crire les limites d&#039;un syst\u00e8me d&#039;exploitation et reconna\u00eetre ses interfaces avec d&#039;autres domaines fonctionnels au sein de l&#039;organisation et avec son environnement externe.<\/li>\n<\/ul>","protected":false},"excerpt":{"rendered":"<p>80 heures<\/p>","protected":false},"featured_media":17807,"template":"","meta":[],"product_cat":[75],"product_tag":[86],"yoast_head":"<!-- This site is optimized with the Yoast SEO plugin v23.5 - https:\/\/yoast.com\/wordpress\/plugins\/seo\/ -->\n<title>The Royal Alberta College and IBM - Management, Operations &amp; Leadership in Business - The Royal Alberta College<\/title>\n<meta name=\"robots\" content=\"index, follow, max-snippet:-1, max-image-preview:large, max-video-preview:-1\" \/>\n<link rel=\"canonical\" href=\"https:\/\/www.alberta.college\/fr\/courses\/the-royal-alberta-college-and-ibm-management-operations-leadership-in-business\/\" \/>\n<meta property=\"og:locale\" content=\"fr_CA\" \/>\n<meta property=\"og:type\" content=\"article\" \/>\n<meta property=\"og:title\" content=\"The Royal Alberta College and IBM - Management, Operations &amp; Leadership in Business - The Royal Alberta College\" \/>\n<meta property=\"og:description\" content=\"80 hours\" \/>\n<meta property=\"og:url\" content=\"https:\/\/www.alberta.college\/fr\/courses\/the-royal-alberta-college-and-ibm-management-operations-leadership-in-business\/\" \/>\n<meta property=\"og:site_name\" content=\"The Royal Alberta College\" \/>\n<meta property=\"article:publisher\" content=\"https:\/\/www.facebook.com\/RoyalAlbertaCollege\" \/>\n<meta property=\"article:modified_time\" content=\"2025-04-14T17:31:17+00:00\" \/>\n<meta property=\"og:image\" content=\"https:\/\/www.alberta.college\/wp-content\/uploads\/2022\/10\/Management-Operations-Leadership-in-Business-1-1024x615.png\" \/>\n\t<meta property=\"og:image:width\" content=\"1024\" \/>\n\t<meta property=\"og:image:height\" content=\"615\" \/>\n\t<meta property=\"og:image:type\" content=\"image\/png\" \/>\n<meta name=\"twitter:card\" content=\"summary_large_image\" \/>\n<meta name=\"twitter:site\" content=\"@alberta_college\" \/>\n<meta name=\"twitter:label1\" content=\"Estimation du temps de lecture\" \/>\n\t<meta name=\"twitter:data1\" content=\"2 minutes\" \/>\n<script type=\"application\/ld+json\" class=\"yoast-schema-graph\">{\"@context\":\"https:\/\/schema.org\",\"@graph\":[{\"@type\":\"WebPage\",\"@id\":\"https:\/\/www.alberta.college\/fr\/courses\/the-royal-alberta-college-and-ibm-management-operations-leadership-in-business\/\",\"url\":\"https:\/\/www.alberta.college\/fr\/courses\/the-royal-alberta-college-and-ibm-management-operations-leadership-in-business\/\",\"name\":\"The Royal Alberta College and IBM - Management, Operations & Leadership in Business - The Royal Alberta College\",\"isPartOf\":{\"@id\":\"https:\/\/alberta.college\/#website\"},\"primaryImageOfPage\":{\"@id\":\"https:\/\/www.alberta.college\/fr\/courses\/the-royal-alberta-college-and-ibm-management-operations-leadership-in-business\/#primaryimage\"},\"image\":{\"@id\":\"https:\/\/www.alberta.college\/fr\/courses\/the-royal-alberta-college-and-ibm-management-operations-leadership-in-business\/#primaryimage\"},\"thumbnailUrl\":\"https:\/\/52.60.82.137\/wp-content\/uploads\/2022\/10\/Management-Operations-Leadership-in-Business-1.png\",\"datePublished\":\"2022-10-19T19:02:14+00:00\",\"dateModified\":\"2025-04-14T17:31:17+00:00\",\"breadcrumb\":{\"@id\":\"https:\/\/www.alberta.college\/fr\/courses\/the-royal-alberta-college-and-ibm-management-operations-leadership-in-business\/#breadcrumb\"},\"inLanguage\":\"fr-CA\",\"potentialAction\":[{\"@type\":\"ReadAction\",\"target\":[\"https:\/\/www.alberta.college\/fr\/courses\/the-royal-alberta-college-and-ibm-management-operations-leadership-in-business\/\"]}]},{\"@type\":\"ImageObject\",\"inLanguage\":\"fr-CA\",\"@id\":\"https:\/\/www.alberta.college\/fr\/courses\/the-royal-alberta-college-and-ibm-management-operations-leadership-in-business\/#primaryimage\",\"url\":\"https:\/\/52.60.82.137\/wp-content\/uploads\/2022\/10\/Management-Operations-Leadership-in-Business-1.png\",\"contentUrl\":\"https:\/\/52.60.82.137\/wp-content\/uploads\/2022\/10\/Management-Operations-Leadership-in-Business-1.png\",\"width\":2432,\"height\":1460},{\"@type\":\"BreadcrumbList\",\"@id\":\"https:\/\/www.alberta.college\/fr\/courses\/the-royal-alberta-college-and-ibm-management-operations-leadership-in-business\/#breadcrumb\",\"itemListElement\":[{\"@type\":\"ListItem\",\"position\":1,\"name\":\"Home\",\"item\":\"https:\/\/alberta.college\/\"},{\"@type\":\"ListItem\",\"position\":2,\"name\":\"Shop\",\"item\":\"https:\/\/www.alberta.college\/fr\/shop\/\"},{\"@type\":\"ListItem\",\"position\":3,\"name\":\"The Royal Alberta College and IBM &#8211; Management, Operations &#038; Leadership in Business\"}]},{\"@type\":\"WebSite\",\"@id\":\"https:\/\/alberta.college\/#website\",\"url\":\"https:\/\/alberta.college\/\",\"name\":\"The Royal Alberta College\",\"description\":\"High-Quality Affordable, Accessible Education for everyone\",\"publisher\":{\"@id\":\"https:\/\/alberta.college\/#organization\"},\"potentialAction\":[{\"@type\":\"SearchAction\",\"target\":{\"@type\":\"EntryPoint\",\"urlTemplate\":\"https:\/\/alberta.college\/?s={search_term_string}\"},\"query-input\":{\"@type\":\"PropertyValueSpecification\",\"valueRequired\":true,\"valueName\":\"search_term_string\"}}],\"inLanguage\":\"fr-CA\"},{\"@type\":\"Organization\",\"@id\":\"https:\/\/alberta.college\/#organization\",\"name\":\"The Royal Alberta College\",\"url\":\"https:\/\/alberta.college\/\",\"logo\":{\"@type\":\"ImageObject\",\"inLanguage\":\"fr-CA\",\"@id\":\"https:\/\/alberta.college\/#\/schema\/logo\/image\/\",\"url\":\"https:\/\/alberta.college\/wp-content\/uploads\/2021\/05\/rac-logo.png\",\"contentUrl\":\"https:\/\/alberta.college\/wp-content\/uploads\/2021\/05\/rac-logo.png\",\"width\":400,\"height\":242,\"caption\":\"The Royal Alberta College\"},\"image\":{\"@id\":\"https:\/\/alberta.college\/#\/schema\/logo\/image\/\"},\"sameAs\":[\"https:\/\/www.facebook.com\/RoyalAlbertaCollege\",\"https:\/\/x.com\/alberta_college\"]}]}<\/script>\n<!-- \/ Yoast SEO plugin. -->","yoast_head_json":{"title":"The Royal Alberta College and IBM - Management, Operations & Leadership in Business - The Royal Alberta College","robots":{"index":"index","follow":"follow","max-snippet":"max-snippet:-1","max-image-preview":"max-image-preview:large","max-video-preview":"max-video-preview:-1"},"canonical":"https:\/\/www.alberta.college\/fr\/courses\/the-royal-alberta-college-and-ibm-management-operations-leadership-in-business\/","og_locale":"fr_CA","og_type":"article","og_title":"The Royal Alberta College and IBM - Management, Operations & Leadership in Business - The Royal Alberta College","og_description":"80 hours","og_url":"https:\/\/www.alberta.college\/fr\/courses\/the-royal-alberta-college-and-ibm-management-operations-leadership-in-business\/","og_site_name":"The Royal Alberta College","article_publisher":"https:\/\/www.facebook.com\/RoyalAlbertaCollege","article_modified_time":"2025-04-14T17:31:17+00:00","og_image":[{"width":1024,"height":615,"url":"https:\/\/www.alberta.college\/wp-content\/uploads\/2022\/10\/Management-Operations-Leadership-in-Business-1-1024x615.png","type":"image\/png"}],"twitter_card":"summary_large_image","twitter_site":"@alberta_college","twitter_misc":{"Estimation du temps de lecture":"2 minutes"},"schema":{"@context":"https:\/\/schema.org","@graph":[{"@type":"WebPage","@id":"https:\/\/www.alberta.college\/fr\/courses\/the-royal-alberta-college-and-ibm-management-operations-leadership-in-business\/","url":"https:\/\/www.alberta.college\/fr\/courses\/the-royal-alberta-college-and-ibm-management-operations-leadership-in-business\/","name":"The Royal Alberta College and IBM - Management, Operations & Leadership in Business - The Royal Alberta College","isPartOf":{"@id":"https:\/\/alberta.college\/#website"},"primaryImageOfPage":{"@id":"https:\/\/www.alberta.college\/fr\/courses\/the-royal-alberta-college-and-ibm-management-operations-leadership-in-business\/#primaryimage"},"image":{"@id":"https:\/\/www.alberta.college\/fr\/courses\/the-royal-alberta-college-and-ibm-management-operations-leadership-in-business\/#primaryimage"},"thumbnailUrl":"https:\/\/52.60.82.137\/wp-content\/uploads\/2022\/10\/Management-Operations-Leadership-in-Business-1.png","datePublished":"2022-10-19T19:02:14+00:00","dateModified":"2025-04-14T17:31:17+00:00","breadcrumb":{"@id":"https:\/\/www.alberta.college\/fr\/courses\/the-royal-alberta-college-and-ibm-management-operations-leadership-in-business\/#breadcrumb"},"inLanguage":"fr-CA","potentialAction":[{"@type":"ReadAction","target":["https:\/\/www.alberta.college\/fr\/courses\/the-royal-alberta-college-and-ibm-management-operations-leadership-in-business\/"]}]},{"@type":"ImageObject","inLanguage":"fr-CA","@id":"https:\/\/www.alberta.college\/fr\/courses\/the-royal-alberta-college-and-ibm-management-operations-leadership-in-business\/#primaryimage","url":"https:\/\/52.60.82.137\/wp-content\/uploads\/2022\/10\/Management-Operations-Leadership-in-Business-1.png","contentUrl":"https:\/\/52.60.82.137\/wp-content\/uploads\/2022\/10\/Management-Operations-Leadership-in-Business-1.png","width":2432,"height":1460},{"@type":"BreadcrumbList","@id":"https:\/\/www.alberta.college\/fr\/courses\/the-royal-alberta-college-and-ibm-management-operations-leadership-in-business\/#breadcrumb","itemListElement":[{"@type":"ListItem","position":1,"name":"Home","item":"https:\/\/alberta.college\/"},{"@type":"ListItem","position":2,"name":"Shop","item":"https:\/\/www.alberta.college\/fr\/shop\/"},{"@type":"ListItem","position":3,"name":"The Royal Alberta College and IBM &#8211; Management, Operations &#038; Leadership in Business"}]},{"@type":"WebSite","@id":"https:\/\/alberta.college\/#website","url":"https:\/\/alberta.college\/","name":"The Royal Alberta College","description":"High-Quality Affordable, Accessible Education for everyone","publisher":{"@id":"https:\/\/alberta.college\/#organization"},"potentialAction":[{"@type":"SearchAction","target":{"@type":"EntryPoint","urlTemplate":"https:\/\/alberta.college\/?s={search_term_string}"},"query-input":{"@type":"PropertyValueSpecification","valueRequired":true,"valueName":"search_term_string"}}],"inLanguage":"fr-CA"},{"@type":"Organization","@id":"https:\/\/alberta.college\/#organization","name":"The Royal Alberta College","url":"https:\/\/alberta.college\/","logo":{"@type":"ImageObject","inLanguage":"fr-CA","@id":"https:\/\/alberta.college\/#\/schema\/logo\/image\/","url":"https:\/\/alberta.college\/wp-content\/uploads\/2021\/05\/rac-logo.png","contentUrl":"https:\/\/alberta.college\/wp-content\/uploads\/2021\/05\/rac-logo.png","width":400,"height":242,"caption":"The Royal Alberta College"},"image":{"@id":"https:\/\/alberta.college\/#\/schema\/logo\/image\/"},"sameAs":["https:\/\/www.facebook.com\/RoyalAlbertaCollege","https:\/\/x.com\/alberta_college"]}]}},"jetpack_sharing_enabled":true,"_links":{"self":[{"href":"http:\/\/52.60.82.137\/fr\/wp-json\/wp\/v2\/product\/10233"}],"collection":[{"href":"http:\/\/52.60.82.137\/fr\/wp-json\/wp\/v2\/product"}],"about":[{"href":"http:\/\/52.60.82.137\/fr\/wp-json\/wp\/v2\/types\/product"}],"wp:featuredmedia":[{"embeddable":true,"href":"http:\/\/52.60.82.137\/fr\/wp-json\/wp\/v2\/media\/17807"}],"wp:attachment":[{"href":"http:\/\/52.60.82.137\/fr\/wp-json\/wp\/v2\/media?parent=10233"}],"wp:term":[{"taxonomy":"product_cat","embeddable":true,"href":"http:\/\/52.60.82.137\/fr\/wp-json\/wp\/v2\/product_cat?post=10233"},{"taxonomy":"product_tag","embeddable":true,"href":"http:\/\/52.60.82.137\/fr\/wp-json\/wp\/v2\/product_tag?post=10233"}],"curies":[{"name":"wp","href":"https:\/\/api.w.org\/{rel}","templated":true}]}}